{"id":906,"date":"2021-08-06T17:53:00","date_gmt":"2021-08-06T06:53:00","guid":{"rendered":"https:\/\/dane.education.nc\/?page_id=906"},"modified":"2021-08-06T10:39:04","modified_gmt":"2021-08-05T23:39:04","slug":"beehappy-la-ruche-connectee","status":"publish","type":"page","link":"https:\/\/daneold.education.nc\/?page_id=906","title":{"rendered":"BeeHappy &#8211; la Ruche connect\u00e9e"},"content":{"rendered":"\n<h2 class=\"wp-block-heading\">Un projet global<\/h2>\n\n\n\n<section id=\"d7774e\" class=\"section-d7774e gutentor-module gutentor-module-tabs gutentor-tabs-layout-horizontal gutentor-tabs-pos-top\"><div class=\"grid-container\"><div class=\"gutentor-module-tabs-wrap gutentor-tabs-style-fill\" data-id=\"d7774e\"><div class=\"gutentor-module-tabs-nav\"><span class=\"gutentor-module-tabs-item gm-tt-d7774e gutentor-tabs-nav-active\"><span class=\"gutentor-module-tabs-title\">Pr\u00e9sentation<\/span><\/span><span class=\"gutentor-module-tabs-item gm-tt-d7774e\"><span class=\"gutentor-module-tabs-title\">Les aspects techniques<\/span><\/span><span class=\"gutentor-module-tabs-item gm-tt-d7774e\"><span class=\"gutentor-module-tabs-title\">Approche Lyc\u00e9e<\/span><\/span><span class=\"gutentor-module-tabs-item gm-tt-d7774e\"><span class=\"gutentor-module-tabs-title\">Approche coll\u00e8ge cycle 3<\/span><\/span><span class=\"gutentor-module-tabs-item gm-tt-d7774e\"><span class=\"gutentor-module-tabs-title\">Approche coll\u00e8ge cycle 4<\/span><\/span><span class=\"gutentor-module-tabs-item gm-tt-d7774e\"><span class=\"gutentor-module-tabs-title\">Le cartable num\u00e9rique et la ruche<\/span><\/span><span class=\"gutentor-module-tabs-item gm-tt-d7774e\"><span class=\"gutentor-module-tabs-title\">Moodle et la ruche<\/span><\/span><span class=\"gutentor-module-tabs-item gm-tt-d7774e\"><span class=\"gutentor-module-tabs-title\">Le padlet<\/span><\/span><\/div><div class=\"gutentor-module-tabs-body\">\n<div class=\"wp-block-gutentor-m7-tab gutentor-module-tabs-content gm-tc-d7774e gutentor-tabs-content-active\">\n<figure class=\"wp-block-image size-large is-resized\"><img loading=\"lazy\" decoding=\"async\" src=\"https:\/\/dane.education.nc\/wp-content\/uploads\/2021\/08\/Beehappy.jpg\" alt=\"\" class=\"wp-image-913\" width=\"238\" height=\"187\" srcset=\"https:\/\/daneold.education.nc\/wp-content\/uploads\/2021\/08\/Beehappy.jpg 303w, https:\/\/daneold.education.nc\/wp-content\/uploads\/2021\/08\/Beehappy-300x236.jpg 300w\" sizes=\"(max-width: 238px) 100vw, 238px\" \/><\/figure>\n\n\n\n<p>Le projet de ruche connect\u00e9e est n\u00e9 au lyc\u00e9e du Mont-Dore dans les sections de BTS&#8230;<\/p>\n\n\n\n<p>\u00e0 compl\u00e9ter&#8230;<\/p>\n\n\n\n<p>Aujourd&rsquo;hui support d&rsquo;activit\u00e9s par comp\u00e9tences \u00e0 partir du cycle 3 du coll\u00e8ge, il permet de susciter des usages qui concourent \u00e0 la r\u00e9duction de la fracture num\u00e9rique, favoriser des pratiques p\u00e9dagogiques innovantes et mettre en oeuvre les comp\u00e9tences en technologie dans le cadre du coll\u00e8ge autour de Fablab, de syst\u00e8mes connect\u00e9s et d&rsquo;\u00e9changes via des espaces num\u00e9riques. Vous trouverez progressivement dans les diff\u00e9rents onglets l&rsquo;avancement des travaux et les liens vers les plateformes permettant de contribuer \u00e0 ce projet ou d&rsquo;en emprunter les productions. <\/p>\n<\/div>\n\n\n\n<div class=\"wp-block-gutentor-m7-tab gutentor-module-tabs-content gm-tc-d7774e\">\n<p>A compl\u00e9ter&#8230;<\/p>\n<\/div>\n\n\n\n<div class=\"wp-block-gutentor-m7-tab gutentor-module-tabs-content gm-tc-d7774e\">\n<p>A compl\u00e9ter&#8230;<\/p>\n<\/div>\n\n\n\n<div class=\"wp-block-gutentor-m7-tab gutentor-module-tabs-content gm-tc-d7774e\">\n<p>Prochainement une grille de d\u00e9veloppement des objectifs p\u00e9dagogiques par comp\u00e9tences en Sciences et Technologie cycle 3.<\/p>\n<\/div>\n\n\n\n<div class=\"wp-block-gutentor-m7-tab gutentor-module-tabs-content gm-tc-d7774e\">\n<p> Prochainement une grille de d\u00e9veloppement des objectifs p\u00e9dagogiques par comp\u00e9tences en Technologie cycle 4.<\/p>\n<\/div>\n\n\n\n<div class=\"wp-block-gutentor-m7-tab gutentor-module-tabs-content gm-tc-d7774e\">\n<p>Le cartable num\u00e9rique permettra de r\u00e9aliser des activit\u00e9s autour de la ruche connect\u00e9e. Seront explor\u00e9es des activit\u00e9s de programmation par exemple gr\u00e2ce \u00e0 scratch ou \u00e9quivalent, des activit\u00e9s de conception d&rsquo;objets en lien avec les fablabs, ou de communication via des espaces num\u00e9riques&#8230;<\/p>\n<\/div>\n\n\n\n<div class=\"wp-block-gutentor-m7-tab gutentor-module-tabs-content gm-tc-d7774e\">\n<p>Moodle est un outil de mise \u00e0 disposition d&rsquo;activit\u00e9s par comp\u00e9tences en ligne. ,Accessible aux \u00e9l\u00e8ves par les moyens num\u00e9riques dont ils disposent, il sera abond\u00e9 d&rsquo;activit\u00e9s autour de la ruche connect\u00e9e.<\/p>\n<\/div>\n\n\n\n<div class=\"wp-block-gutentor-m7-tab gutentor-module-tabs-content gm-tc-d7774e\">\n<p>Le padlet permettra de communiquer sur des supports simples l&rsquo;ensemble des informations de pr\u00e9sentation partageable du projet&#8230;<\/p>\n<\/div>\n<\/div><\/div><\/div><\/section>\n","protected":false},"excerpt":{"rendered":"<p>Un projet global<\/p>\n","protected":false},"author":1,"featured_media":0,"parent":404,"menu_order":0,"comment_status":"closed","ping_status":"closed","template":"","meta":{"_coblocks_attr":"","_coblocks_dimensions":"","_coblocks_responsive_height":"","_coblocks_accordion_ie_support":"","advgb_blocks_editor_width":"","advgb_blocks_columns_visual_guide":"","footnotes":""},"folder":[],"coauthors":[],"author_meta":{"author_link":"https:\/\/daneold.education.nc\/?author=1","display_name":"admin"},"relative_dates":{"created":"Publi\u00e9 5 ans il y a","modified":"Mis \u00e0 jour 5 ans il y a"},"absolute_dates":{"created":"Publi\u00e9 le 6 ao\u00fbt 2021","modified":"Mise \u00e0 jour le 6 ao\u00fbt 2021"},"absolute_dates_time":{"created":"Publi\u00e9 le 6 ao\u00fbt 2021 17 h 53 min","modified":"Mise \u00e0 jour le 6 ao\u00fbt 2021 10 h 39 min"},"featured_img_caption":"","featured_img":false,"series_order":"","_links":{"self":[{"href":"https:\/\/daneold.education.nc\/index.php?rest_route=\/wp\/v2\/pages\/906"}],"collection":[{"href":"https:\/\/daneold.education.nc\/index.php?rest_route=\/wp\/v2\/pages"}],"about":[{"href":"https:\/\/daneold.education.nc\/index.php?rest_route=\/wp\/v2\/types\/page"}],"author":[{"embeddable":true,"href":"https:\/\/daneold.education.nc\/index.php?rest_route=\/wp\/v2\/users\/1"}],"replies":[{"embeddable":true,"href":"https:\/\/daneold.education.nc\/index.php?rest_route=%2Fwp%2Fv2%2Fcomments&post=906"}],"version-history":[{"count":8,"href":"https:\/\/daneold.education.nc\/index.php?rest_route=\/wp\/v2\/pages\/906\/revisions"}],"predecessor-version":[{"id":1025,"href":"https:\/\/daneold.education.nc\/index.php?rest_route=\/wp\/v2\/pages\/906\/revisions\/1025"}],"up":[{"embeddable":true,"href":"https:\/\/daneold.education.nc\/index.php?rest_route=\/wp\/v2\/pages\/404"}],"wp:attachment":[{"href":"https:\/\/daneold.education.nc\/index.php?rest_route=%2Fwp%2Fv2%2Fmedia&parent=906"}],"wp:term":[{"taxonomy":"folder","embeddable":true,"href":"https:\/\/daneold.education.nc\/index.php?rest_route=%2Fwp%2Fv2%2Ffolder&post=906"}],"curies":[{"name":"wp","href":"https:\/\/api.w.org\/{rel}","templated":true}]}}