{"id":852,"date":"2021-08-02T21:52:20","date_gmt":"2021-08-02T10:52:20","guid":{"rendered":"https:\/\/dane.education.nc\/?page_id=852"},"modified":"2025-03-24T10:16:54","modified_gmt":"2025-03-23T23:16:54","slug":"la-semaine-du-numerique-rentree-scolaire","status":"publish","type":"page","link":"https:\/\/daneold.education.nc\/?page_id=852","title":{"rendered":"La semaine du Num\u00e9rique 2025"},"content":{"rendered":"\n<p>La <strong>Semaine du Num\u00e9rique \u00c9ducatif <\/strong>se d\u00e9roulera du <strong>31 mars au 4 avril 2025<\/strong><\/p>\n\n\n\n<p>Elle s&rsquo;adresse aux \u00e9l\u00e8ves, aux \u00e9tudiants, aux personnels des \u00e9tablissements scolaires et aux parents.<\/p>\n\n\n\n<p>Pour cette 5e \u00e9dition, dans le cadre du Programme d&rsquo;actions d&rsquo;\u00e9ducation au num\u00e9rique, le gouvernement de la Nouvelle-Cal\u00e9donie, le cluster OPEN et l&rsquo;UNC s&rsquo;associent au Vice-Rectorat pour l&rsquo;organisation de cet \u00e9v\u00e9nement qui vise \u00e0 :<\/p>\n\n\n\n<ul>\n<li>Renforcer la culture num\u00e9rique et les comp\u00e9tences num\u00e9riques<\/li>\n\n\n\n<li>Sensibiliser aux m\u00e9tiers du num\u00e9rique et informer sur les formations locales<\/li>\n<\/ul>\n\n\n\n<p><strong>Pour enrichir le programme d\u00e9j\u00e0 \u00e9tabli dans vos \u00e9tablissements scolaires, les acteurs de la fili\u00e8re num\u00e9rique et de l&rsquo;\u00e9ducation num\u00e9rique proposeront sur toute la Nouvelle-Cal\u00e9donie deux types d&rsquo;interventions<\/strong><\/p>\n\n\n\n<ul>\n<li><strong>T\u00e9moignages sur leur m\u00e9tier et leur parcours<\/strong><\/li>\n\n\n\n<li><strong>Interventions sur des sujets comme l\u2019\u00e9ducation aux m\u00e9dias, la cybers\u00e9curit\u00e9, la sant\u00e9 num\u00e9rique, la citoyennet\u00e9 num\u00e9rique, l\u2019IA, la cr\u00e9ation num\u00e9rique, la robotique&#8230;<\/strong><\/li>\n<\/ul>\n\n\n\n<p>la DANE sugg\u00e8re \u00e9galement des axes th\u00e9matiques \u00e0 inscrire dans une p\u00e9riode d\u2019information\/formation commune \u00e0 destination des diff\u00e9rents acteurs de la communaut\u00e9 \u00e9ducative, \u00e9l\u00e8ves, parents, \u00e9quipes \u00e9ducatives.<\/p>\n\n\n\n<p>Ils sont accessible via les padlets ci-dessous.<\/p>\n\n\n\n<p>Vous souhaitant une semaine du num\u00e9rique 2025 des plus enrichissantes.<\/p>\n\n\n\n<p>la DANE, le gouvernement de la Nouvelle-Cal\u00e9donie, le cluster OPEN, l&rsquo;UNC<\/p>\n\n\n\n<p><\/p>\n\n\n\n<h4 class=\"wp-block-heading\">Programme Padlet en fonction du profil :<\/h4>\n\n\n\n<p><\/p>\n\n\n\n<section id=\"0e7087\" class=\"section-0e7087 gutentor-module gutentor-module-tabs gutentor-tabs-layout-horizontal gutentor-tabs-pos-top\"><div class=\"grid-container\"><div class=\"gutentor-module-tabs-wrap gutentor-tabs-style-fill\" data-id=\"0e7087\"><div class=\"gutentor-module-tabs-nav\"><span class=\"gutentor-module-tabs-item gm-tt-0e7087 gutentor-tabs-nav-active\" tabindex=\"0\"><span class=\"gutentor-module-tabs-title gutentor-tab-has-icon gutentor-tab-has-icon-right\">Pour les \u00e9l\u00e8ves<i class=\"gutentor-module-tabs-icon fas fa-user-graduate\"><\/i><\/span><\/span><span class=\"gutentor-module-tabs-item gm-tt-0e7087\" tabindex=\"0\"><span class=\"gutentor-module-tabs-title gutentor-tab-has-icon gutentor-tab-has-icon-right\">Pour les Parents<i class=\"gutentor-module-tabs-icon fas fa-user-friends\"><\/i><\/span><\/span><span class=\"gutentor-module-tabs-item gm-tt-0e7087\" tabindex=\"0\"><span class=\"gutentor-module-tabs-title gutentor-tab-has-icon gutentor-tab-has-icon-right\">Pour les \u00e9quipes \u00e9ducatives<i class=\"gutentor-module-tabs-icon fas fa-users\"><\/i><\/span><\/span><\/div><div class=\"gutentor-module-tabs-body\">\n<div class=\"wp-block-gutentor-m7-tab gutentor-module-tabs-content gm-tc-0e7087 gutentor-tabs-content-active\">\n<div class=\"padlet-embed\" style=\"border:1px solid rgba(0,0,0,0.1);border-radius:2px;box-sizing:border-box;overflow:hidden;position:relative;width:100%;background:#F4F4F4\"><p style=\"padding:0;margin:0\"><iframe src=\"https:\/\/padlet.com\/embed\/lw8td7cfr2wl2y37\" allow=\"camera;microphone;geolocation\" style=\"width:100%;height:608px;display:block;padding:0;margin:0\" frameborder=\"0\"><\/iframe><\/p><div style=\"padding:8px;text-align:right;margin:0;\"><a href=\"https:\/\/padlet.com?ref=embed\" style=\"padding:0;margin:0;border:none;display:block;line-height:1;height:16px\" target=\"_blank\" rel=\"noopener\"><img loading=\"lazy\" decoding=\"async\" src=\"https:\/\/padlet.net\/embeds\/made_with_padlet.png\" style=\"padding:0;margin:0;background:none;border:none;display:inline;box-shadow:none\" alt=\"Fait avec Padlet\" width=\"86\" height=\"16\"><\/a><\/div><\/div>\n<\/div>\n\n\n\n<div class=\"wp-block-gutentor-m7-tab gutentor-module-tabs-content gm-tc-0e7087\">\n<div class=\"padlet-embed\" style=\"border:1px solid rgba(0,0,0,0.1);border-radius:2px;box-sizing:border-box;overflow:hidden;position:relative;width:100%;background:#F4F4F4\"><p style=\"padding:0;margin:0\"><iframe src=\"https:\/\/padlet.com\/embed\/q3t00ywyx4ld71ff\" allow=\"camera;microphone;geolocation\" style=\"width:100%;height:608px;display:block;padding:0;margin:0\" frameborder=\"0\"><\/iframe><\/p><div style=\"padding:8px;text-align:right;margin:0;\"><a href=\"https:\/\/padlet.com?ref=embed\" style=\"padding:0;margin:0;border:none;display:block;line-height:1;height:16px\" target=\"_blank\" rel=\"noopener\"><img loading=\"lazy\" decoding=\"async\" src=\"https:\/\/padlet.net\/embeds\/made_with_padlet.png\" style=\"padding:0;margin:0;background:none;border:none;display:inline;box-shadow:none\" alt=\"Fait avec Padlet\" width=\"86\" height=\"16\"><\/a><\/div><\/div>\n<\/div>\n\n\n\n<div class=\"wp-block-gutentor-m7-tab gutentor-module-tabs-content gm-tc-0e7087\">\n<div class=\"padlet-embed\" style=\"border:1px solid rgba(0,0,0,0.1);border-radius:2px;box-sizing:border-box;overflow:hidden;position:relative;width:100%;background:#F4F4F4\"><p style=\"padding:0;margin:0\"><iframe src=\"https:\/\/padlet.com\/embed\/tr85hpfuj3gcck27\" allow=\"camera;microphone;geolocation\" style=\"width:100%;height:608px;display:block;padding:0;margin:0\" frameborder=\"0\"><\/iframe><\/p><div style=\"padding:8px;text-align:right;margin:0;\"><a href=\"https:\/\/padlet.com?ref=embed\" style=\"padding:0;margin:0;border:none;display:block;line-height:1;height:16px\" target=\"_blank\" rel=\"noopener\"><img loading=\"lazy\" decoding=\"async\" src=\"https:\/\/padlet.net\/embeds\/made_with_padlet.png\" style=\"padding:0;margin:0;background:none;border:none;display:inline;box-shadow:none\" alt=\"Fait avec Padlet\" width=\"86\" height=\"16\"><\/a><\/div><\/div>\n<\/div>\n<\/div><\/div><\/div><\/section>\n\n\n\n<p><\/p>\n","protected":false},"excerpt":{"rendered":"<p>La Semaine du Num\u00e9rique \u00c9ducatif se d\u00e9roulera du 31 mars au 4 avril 2025 Elle s&rsquo;adresse aux \u00e9l\u00e8ves, aux \u00e9tudiants, aux personnels des \u00e9tablissements scolaires et aux parents. Pour cette 5e \u00e9dition, dans le cadre du Programme d&rsquo;actions d&rsquo;\u00e9ducation au num\u00e9rique, le gouvernement de la Nouvelle-Cal\u00e9donie, le cluster OPEN et l&rsquo;UNC s&rsquo;associent au Vice-Rectorat pour [&hellip;]<\/p>\n","protected":false},"author":1,"featured_media":0,"parent":73,"menu_order":0,"comment_status":"closed","ping_status":"closed","template":"","meta":{"_coblocks_attr":"","_coblocks_dimensions":"","_coblocks_responsive_height":"","_coblocks_accordion_ie_support":"","advgb_blocks_editor_width":"","advgb_blocks_columns_visual_guide":"","footnotes":""},"folder":[],"coauthors":[],"author_meta":{"author_link":"https:\/\/daneold.education.nc\/?author=1","display_name":"admin"},"relative_dates":{"created":"Publi\u00e9 5 ans il y a","modified":"Mis \u00e0 jour 1 an il y a"},"absolute_dates":{"created":"Publi\u00e9 le 2 ao\u00fbt 2021","modified":"Mise \u00e0 jour le 24 mars 2025"},"absolute_dates_time":{"created":"Publi\u00e9 le 2 ao\u00fbt 2021 21 h 52 min","modified":"Mise \u00e0 jour le 24 mars 2025 10 h 16 min"},"featured_img_caption":"","featured_img":false,"series_order":"","_links":{"self":[{"href":"https:\/\/daneold.education.nc\/index.php?rest_route=\/wp\/v2\/pages\/852"}],"collection":[{"href":"https:\/\/daneold.education.nc\/index.php?rest_route=\/wp\/v2\/pages"}],"about":[{"href":"https:\/\/daneold.education.nc\/index.php?rest_route=\/wp\/v2\/types\/page"}],"author":[{"embeddable":true,"href":"https:\/\/daneold.education.nc\/index.php?rest_route=\/wp\/v2\/users\/1"}],"replies":[{"embeddable":true,"href":"https:\/\/daneold.education.nc\/index.php?rest_route=%2Fwp%2Fv2%2Fcomments&post=852"}],"version-history":[{"count":25,"href":"https:\/\/daneold.education.nc\/index.php?rest_route=\/wp\/v2\/pages\/852\/revisions"}],"predecessor-version":[{"id":1631,"href":"https:\/\/daneold.education.nc\/index.php?rest_route=\/wp\/v2\/pages\/852\/revisions\/1631"}],"up":[{"embeddable":true,"href":"https:\/\/daneold.education.nc\/index.php?rest_route=\/wp\/v2\/pages\/73"}],"wp:attachment":[{"href":"https:\/\/daneold.education.nc\/index.php?rest_route=%2Fwp%2Fv2%2Fmedia&parent=852"}],"wp:term":[{"taxonomy":"folder","embeddable":true,"href":"https:\/\/daneold.education.nc\/index.php?rest_route=%2Fwp%2Fv2%2Ffolder&post=852"}],"curies":[{"name":"wp","href":"https:\/\/api.w.org\/{rel}","templated":true}]}}