{"id":850,"date":"2021-08-02T21:45:45","date_gmt":"2021-08-02T10:45:45","guid":{"rendered":"https:\/\/dane.education.nc\/?page_id=850"},"modified":"2021-08-02T22:52:29","modified_gmt":"2021-08-02T11:52:29","slug":"les-etats-generaux-du-numerique-educatif-egtn","status":"publish","type":"page","link":"https:\/\/daneold.education.nc\/?page_id=850","title":{"rendered":"Les \u00c9tats G\u00e9n\u00e9raux du Num\u00e9rique \u00c9ducatif (EGTN)"},"content":{"rendered":"\n<p><em>Proposition concernant les \u00c9tats G\u00e9n\u00e9raux du Num\u00e9rique Territorialis\u00e9s en Nouvelle-Cal\u00e9donie (EGTN-NC)<\/em><\/p>\n\n\n\n<h2 class=\"wp-block-heading\">I &#8211; \u00c9l\u00e9ments de contexte et de diff\u00e9rentiation<\/h2>\n\n\n\n<h3 class=\"wp-block-heading\">Un grand mouvement de concertation nationale appuy\u00e9 sur une belle dynamique<\/h3>\n\n\n\n<p>Dans les r\u00e9gions acad\u00e9miques m\u00e9tropolitaines, les \u00e9tats g\u00e9n\u00e9raux du num\u00e9rique territorialis\u00e9s (EGNT) se sont tenus entre le 7 septembre et le 16 octobre 2020. Par une dynamique de concertation locale \u00e0 travers des rencontres de r\u00e9gions acad\u00e9miques, ils ont \u00e9t\u00e9 l\u2019occasion de susciter des \u00e9changes constructifs et d\u2019entra\u00eener l\u2019adh\u00e9sion du plus grand nombre d\u2019acteurs concern\u00e9s (parents, enseignants, \u00e9l\u00e8ves, cadres de l\u2019\u00e9ducation, collectivit\u00e9s, associations, partenaires&#8230;).<\/p>\n\n\n\n<p>Les \u00e9tats g\u00e9n\u00e9raux du num\u00e9rique territorialis\u00e9s sont organis\u00e9s par les recteurs de r\u00e9gions acad\u00e9miques avec l\u2019accompagnement de la Direction num\u00e9rique pour l\u2019\u00e9ducation, le partenariat de la Banque des territoires et l\u2019appui du R\u00e9seau Canop\u00e9. Toutes les acad\u00e9mies m\u00e9tropolitaines et ultra-marines ont \u00e9t\u00e9 invit\u00e9es \u00e0 y participer.<\/p>\n\n\n\n<h3 class=\"wp-block-heading\">Une p\u00e9riode de confinement infiniment plus r\u00e9duite en Nouvelle-Cal\u00e9donie<\/h3>\n\n\n\n<p>Le territoire de la Nouvelle-Cal\u00e9donie a compt\u00e9 en avril 2020 une p\u00e9riode de continuit\u00e9 p\u00e9dagogique pour tous lors du confinement, \u00e9quivalente \u00e0 2 ou 3 semaines d\u2019arr\u00eat effectif des enseignements pr\u00e9sentiels. Cette p\u00e9riode, qui permet le maintien des examens, est sans commune mesure avec celle connue en m\u00e9tropole. Pour autant, le r\u00f4le jou\u00e9 par le num\u00e9rique est apparu tr\u00e8s important en tant que vecteur de continuit\u00e9 et de changement.<\/p>\n\n\n\n<h3 class=\"wp-block-heading\">Un calendrier politique tr\u00e8s dense en Nouvelle-Cal\u00e9donie<\/h3>\n\n\n\n<p>Le territoire de la Nouvelle-Cal\u00e9donie \u00e0 compter entre le 2nd tour des municipales du 28 juin et le scrutin d\u2019autod\u00e9termination du 4 octobre une p\u00e9riode politique dense o\u00f9 chaque sujet de soci\u00e9t\u00e9 devait-\u00eatre abord\u00e9 avec pr\u00e9caution, voire prudence. De surcro\u00eet, la logique de territorialisation des EGTN ne devait pas avoir pour effet de placer les provinces en situation de mise en r\u00e9f\u00e9rence, tant les \u00e9carts pourraient appara\u00eetre grands.<\/p>\n\n\n\n<h2 class=\"wp-block-heading\">II- Principes d\u2019une concertation organis\u00e9e avec les territoires<\/h2>\n\n\n\n<h3 class=\"wp-block-heading\">Associer chaque instance territoriale \u00e0 une r\u00e9flexion partag\u00e9e et resserrer les liens avec les acteurs \u00e9ducatifs<\/h3>\n\n\n\n<p>Le vice-rectorat propose \u00e0 chaque institution territoriale la co-organisation d\u2019un d\u00e9bat public : il en \u00e9tablit les fiches-d\u00e9bats (3 \u00e0 choisir parmi 15 selon 3 th\u00e9matiques diff\u00e9rentes), il propose une organisation et une m\u00e9thodologie, et offre la prise en charge de l\u2019outillage et de la dimension r\u00e9dactionnelle.<\/p>\n\n\n\n<p>Ce d\u00e9bat est ouvert aux parents, enseignants, \u00e9l\u00e8ves, cadres de l\u2019\u00e9ducation, collectivit\u00e9s, associations, entreprises, partenaires&#8230; presse.<\/p>\n\n\n\n<h3 class=\"wp-block-heading\">Se d\u00e9placer sur le territoire Cal\u00e9donien en 4 semaines<\/h3>\n\n\n\n<p>Chaque mercredi, vers 16h00, s\u2019organise une r\u00e9union publique en territoire. Trois r\u00e9unions provinciales totalement ind\u00e9pendantes, men\u00e9es chaque semaine, convergent en synth\u00e8se vers un d\u00e9bat de cl\u00f4ture devant le Gouvernement ou le Congr\u00e8s.<\/p>\n\n\n\n<h3 class=\"wp-block-heading\">Conserver et d\u00e9cliner les 5 th\u00e9matiques nationales<\/h3>\n\n\n\n<p>\u00c9clairer les \u00e9changes et la r\u00e9flexion par un accompagnement num\u00e9rique<\/p>\n\n\n\n<p>Profiter de certains outils m\u00e9tropolitains, comme un site de propositions ou de t\u00e9moignages (qui pourrait \u00eatre suivi avec chaque partenaire institutionnel sur son territoire et contribuerait \u00e0 nourrir la synth\u00e8se).<\/p>\n\n\n\n<p>Par ailleurs chacun pourrait poser des questions par un fil tweeter #EGTNNC.<\/p>\n\n\n\n<p>Impliquer le coll\u00e8ge des inspecteurs, le service communication, la DSI et la DANE tr\u00e8s t\u00f4t dans la d\u00e9marche<\/p>\n\n\n\n<p>Le coll\u00e8ge des inspecteurs et des CMAI du vice-rectorat \u00e9labore sur chacune des 5 th\u00e9matiques trois fiches-d\u00e9bats de questionnement, soient 15 fiches-d\u00e9bats construites selon 3 axes (\u00c9l\u00e9ments du contexte, T\u00e9moignages de pratiques, Piste de questionnement ou de r\u00e9flexion) et accompagn\u00e9 d\u2019un bref diaporama en 3 pages).<\/p>\n\n\n\n<p>Le service communication est le ma\u00eetre d\u2019ouvrage de cette production.<\/p>\n\n\n\n<h2 class=\"wp-block-heading\">III- Propositions et modalit\u00e9s de mise en \u0153uvre<\/h2>\n\n\n\n<h3 class=\"wp-block-heading\">Format des r\u00e9unions territoriales<\/h3>\n\n\n\n<p>Quatre r\u00e9unions publiques d\u2019un format de 2 heures :<\/p>\n\n\n\n<ul><li>10 min de pr\u00e9sentation au lancement<\/li><li>3 x questions-d\u00e9bat de 30 min (chacune introduite par une fiche-d\u00e9bat et ses 3p. de diaporama)<\/li><li>20 min de conclusion (dont 3 x synth\u00e8ses \u00e0 chaud de 5min.)<\/li><\/ul>\n\n\n\n<p>Pour chaque r\u00e9union, \u00e0 la table d\u2019animation :<\/p>\n\n\n\n<ul><li>1 grand t\u00e9moin institutionnel \u2013 P Sud, P Nord, P des Iles, Gouv NC<\/li><li>1 grand t\u00e9moin \u00e9ducatif \u2013 parmi VR dont coll\u00e8ge IPR et DSI, personnel de direction, universitaire<\/li><li>1 animateur \u2013 Professionnel m\u00e9dia, Service Communication, DANE ou DSI<\/li><li>3 rapporteurs \u2013 Personnel de direction ou CMAI pour chaque question<\/li><\/ul>\n\n\n\n<h3 class=\"wp-block-heading\">Calendrier et lieux des r\u00e9unions publiques<\/h3>\n\n\n\n<p>Mercredi semaine N &#8211; 1\u00e8re r\u00e9union de lancement \u00e0 Noum\u00e9a avec la Province Sud (avec lancement de la consultation par le vice-recteur)<\/p>\n\n\n\n<p>Mercredi semaine N+1 &#8211; 2\u00e8me r\u00e9union publique \u00e0 Kon\u00e9 avec la Province Nord<\/p>\n\n\n\n<p>Mercredi semaine N+2 &#8211; 3\u00e8me r\u00e9union publique \u00e0 Mar\u00e9 ou Noum\u00e9a avec la Province de Iles<\/p>\n\n\n\n<p>Mercredi semaine N+3 &#8211; R\u00e9union de synth\u00e8se devant le Gouvernement ou le Congr\u00e8s (avec pr\u00e9sentation de la synth\u00e8se de la consultation par le vice-recteur)<\/p>\n","protected":false},"excerpt":{"rendered":"<p>Proposition concernant les \u00c9tats G\u00e9n\u00e9raux du Num\u00e9rique Territorialis\u00e9s en Nouvelle-Cal\u00e9donie (EGTN-NC) I &#8211; \u00c9l\u00e9ments de contexte et de diff\u00e9rentiation Un grand mouvement de concertation nationale appuy\u00e9 sur une belle dynamique Dans les r\u00e9gions acad\u00e9miques m\u00e9tropolitaines, les \u00e9tats g\u00e9n\u00e9raux du num\u00e9rique territorialis\u00e9s (EGNT) se sont tenus entre le 7 septembre et le 16 octobre 2020. Par [&hellip;]<\/p>\n","protected":false},"author":1,"featured_media":0,"parent":73,"menu_order":0,"comment_status":"closed","ping_status":"closed","template":"","meta":{"_coblocks_attr":"","_coblocks_dimensions":"","_coblocks_responsive_height":"","_coblocks_accordion_ie_support":"","advgb_blocks_editor_width":"","advgb_blocks_columns_visual_guide":"","footnotes":""},"folder":[],"coauthors":[],"author_meta":{"author_link":"https:\/\/daneold.education.nc\/?author=1","display_name":"admin"},"relative_dates":{"created":"Publi\u00e9 5 ans il y a","modified":"Mis \u00e0 jour 5 ans il y a"},"absolute_dates":{"created":"Publi\u00e9 le 2 ao\u00fbt 2021","modified":"Mise \u00e0 jour le 2 ao\u00fbt 2021"},"absolute_dates_time":{"created":"Publi\u00e9 le 2 ao\u00fbt 2021 21 h 45 min","modified":"Mise \u00e0 jour le 2 ao\u00fbt 2021 22 h 52 min"},"featured_img_caption":"","featured_img":false,"series_order":"","_links":{"self":[{"href":"https:\/\/daneold.education.nc\/index.php?rest_route=\/wp\/v2\/pages\/850"}],"collection":[{"href":"https:\/\/daneold.education.nc\/index.php?rest_route=\/wp\/v2\/pages"}],"about":[{"href":"https:\/\/daneold.education.nc\/index.php?rest_route=\/wp\/v2\/types\/page"}],"author":[{"embeddable":true,"href":"https:\/\/daneold.education.nc\/index.php?rest_route=\/wp\/v2\/users\/1"}],"replies":[{"embeddable":true,"href":"https:\/\/daneold.education.nc\/index.php?rest_route=%2Fwp%2Fv2%2Fcomments&post=850"}],"version-history":[{"count":1,"href":"https:\/\/daneold.education.nc\/index.php?rest_route=\/wp\/v2\/pages\/850\/revisions"}],"predecessor-version":[{"id":851,"href":"https:\/\/daneold.education.nc\/index.php?rest_route=\/wp\/v2\/pages\/850\/revisions\/851"}],"up":[{"embeddable":true,"href":"https:\/\/daneold.education.nc\/index.php?rest_route=\/wp\/v2\/pages\/73"}],"wp:attachment":[{"href":"https:\/\/daneold.education.nc\/index.php?rest_route=%2Fwp%2Fv2%2Fmedia&parent=850"}],"wp:term":[{"taxonomy":"folder","embeddable":true,"href":"https:\/\/daneold.education.nc\/index.php?rest_route=%2Fwp%2Fv2%2Ffolder&post=850"}],"curies":[{"name":"wp","href":"https:\/\/api.w.org\/{rel}","templated":true}]}}