{"id":73,"date":"2020-03-20T16:01:33","date_gmt":"2020-03-20T05:01:33","guid":{"rendered":"http:\/\/139.99.172.177\/dane2020\/?page_id=73"},"modified":"2021-05-21T23:17:06","modified_gmt":"2021-05-21T12:17:06","slug":"presentation-de-la-dane","status":"publish","type":"page","link":"https:\/\/daneold.education.nc\/?page_id=73","title":{"rendered":"Pr\u00e9sentation de la DANE"},"content":{"rendered":"\n<p>\nLa D\u00e9l\u00e9gation Acad\u00e9mique au Num\u00e9rique pour l\u2019\u00c9ducation est la \nd\u00e9clinaison en acad\u00e9mie de la Direction du Num\u00e9rique pour l\u2019\u00c9ducation \nvoulue par la loi d\u2019orientation et de programmation pour la refondation \nde l\u2019\u00e9cole de la R\u00e9publique.<\/p>\n\n\n\n<div class=\"alignnormal\"><div id=\"metaslider-id-97\" style=\"width: 100%;\" class=\"ml-slider-3-62-0 metaslider metaslider-flex metaslider-97 ml-slider ms-theme-default\" role=\"region\" aria-roledescription=\"Slideshow\" aria-label=\"Slide1imageA\">\n    <div id=\"metaslider_container_97\">\n        <div id=\"metaslider_97\">\n            <ul aria-live=\"polite\" class=\"slides\">\n                <li style=\"display: block; width: 100%;\" class=\"slide-121 ms-image \" aria-roledescription=\"slide\" aria-label=\"slide-121\"><img loading=\"lazy\" decoding=\"async\" src=\"https:\/\/daneold.education.nc\/wp-content\/uploads\/2021\/05\/pix-1720x500-1-700x300.jpg\" height=\"300\" width=\"700\" alt=\"\" class=\"slider-97 slide-121\" title=\"pix-1720x500\" \/><\/li>\n                <li style=\"display: none; width: 100%;\" class=\"slide-99 ms-image \" aria-roledescription=\"slide\" aria-label=\"slide-99\"><img loading=\"lazy\" decoding=\"async\" src=\"https:\/\/daneold.education.nc\/wp-content\/uploads\/2021\/05\/cartable-238x101.jpg\" height=\"300\" width=\"700\" alt=\"\" class=\"slider-97 slide-99\" title=\"cartable\" \/><\/li>\n                <li style=\"display: none; width: 100%;\" class=\"slide-119 ms-image \" aria-roledescription=\"slide\" aria-label=\"slide-119\"><img loading=\"lazy\" decoding=\"async\" src=\"https:\/\/daneold.education.nc\/wp-content\/uploads\/2021\/05\/analysis-1143x300@2x-700x300.jpg\" height=\"300\" width=\"700\" alt=\"\" class=\"slider-97 slide-119\" title=\"analysis-1143x300@2x\" \/><\/li>\n                <li style=\"display: none; width: 100%;\" class=\"slide-120 ms-image \" aria-roledescription=\"slide\" aria-label=\"slide-120\"><img loading=\"lazy\" decoding=\"async\" src=\"https:\/\/daneold.education.nc\/wp-content\/uploads\/2021\/05\/images3-331x142.jpg\" height=\"300\" width=\"700\" alt=\"\" class=\"slider-97 slide-120\" title=\"images3\" \/><\/li>\n                <li style=\"display: none; width: 100%;\" class=\"slide-122 ms-image \" aria-roledescription=\"slide\" aria-label=\"slide-122\"><img loading=\"lazy\" decoding=\"async\" src=\"https:\/\/daneold.education.nc\/wp-content\/uploads\/2021\/05\/visite_virtuelle-1081x300-1-700x300.jpg\" height=\"300\" width=\"700\" alt=\"\" class=\"slider-97 slide-122\" title=\"visite_virtuelle-1081x300\" \/><\/li>\n            <\/ul>\n        <\/div>\n        \n    <\/div>\n<\/div><\/div>\n\n\n\n<figure class=\"wp-block-image\"><img decoding=\"async\" src=\"http:\/\/dane.ac-noumea.nc\/sites\/dane.ac-noumea.nc\/local\/cache-vignettes\/L10xH10\/br-auto-10-8beb9.png?1584530675\" alt=\"Retour ligne automatique\"\/><\/figure>\n\n\n\n<p>\nLa DANE accompagne le d\u00e9ploiement des usages p\u00e9dagogiques du num\u00e9rique \npour les \u00e9tablissements de l\u2019enseignement public du second degr\u00e9, soit \nle suivi de 33 coll\u00e8ges (14 000 \u00e9l\u00e8ves) et des 9 lyc\u00e9es (9 100 \u00e9l\u00e8ves) \ndu territoire.<\/p>\n\n\n\n<figure class=\"wp-block-image\"><img decoding=\"async\" src=\"http:\/\/dane.ac-noumea.nc\/sites\/dane.ac-noumea.nc\/local\/cache-vignettes\/L10xH10\/br-auto-10-8beb9.png?1584530675\" alt=\"Retour ligne automatique\"\/><\/figure>\n\n\n\n<p>\nLa DANE dispose de 1,66 \u00c9quivalents Temps Plein (ETP) ventil\u00e9s en \nd\u00e9charges de service sur 4 professeurs qui assurent des missions \nd\u2019adjoint ou d\u2019animateurs de bassin, et 4,36 ETP comme r\u00e9f\u00e9rent \nnum\u00e9rique \u00e9tablissement (RNE) qui assurent la mission de conseillers \ntechniques des directeurs d\u2019\u00e9tablissement et d\u2019organisation des \nformations num\u00e9riques pour l\u2019accompagnement des 1 980 professeurs de \nl\u2019enseignement public aux usages p\u00e9dagogiques du num\u00e9rique.<\/p>\n\n\n\n<figure class=\"wp-block-image\"><img decoding=\"async\" src=\"http:\/\/dane.ac-noumea.nc\/sites\/dane.ac-noumea.nc\/local\/cache-vignettes\/L10xH10\/br-auto-10-8beb9.png?1584530675\" alt=\"Retour ligne automatique\"\/><\/figure>\n\n\n\n<p>\nLa DANE est au service des enseignants, des \u00e9l\u00e8ves et des \u00e9tablissements\n pour apporter toute son expertise sur les questions relevant des usages\n du num\u00e9rique. <\/p>\n\n\n\n<figure class=\"wp-block-image\"><img decoding=\"async\" src=\"http:\/\/dane.ac-noumea.nc\/sites\/dane.ac-noumea.nc\/local\/cache-vignettes\/L10xH10\/br-auto-10-8beb9.png?1584530675\" alt=\"Retour ligne automatique\"\/><\/figure>\n\n\n\n<p>\nSa responsabilit\u00e9 porte par exemple sur&nbsp;:\n\n<\/p>\n\n\n\n<ul><li>  la d\u00e9finition des besoins en mat\u00e9riels et ressources num\u00e9riques pour la mise en \u0153uvre des enseignements&nbsp;;<\/li><li> la formation des enseignants aux usages p\u00e9dagogiques du num\u00e9rique&nbsp;;<\/li><li> la diffusion des ressources num\u00e9riques comme des bonnes pratiques&nbsp;;<\/li><li> le dialogue avec les collectivit\u00e9s territoriales pour l\u2019\u00e9quipement et la maintenance du num\u00e9rique dans les \u00e9tablissements&nbsp;;<\/li><li> etc\u2026 <\/li><\/ul>\n","protected":false},"excerpt":{"rendered":"<p>La D\u00e9l\u00e9gation Acad\u00e9mique au Num\u00e9rique pour l\u2019\u00c9ducation est la d\u00e9clinaison en acad\u00e9mie de la Direction du Num\u00e9rique pour l\u2019\u00c9ducation voulue par la loi d\u2019orientation et de programmation pour la refondation de l\u2019\u00e9cole de la R\u00e9publique. La DANE accompagne le d\u00e9ploiement des usages p\u00e9dagogiques du num\u00e9rique pour les \u00e9tablissements de l\u2019enseignement public du second degr\u00e9, soit [&hellip;]<\/p>\n","protected":false},"author":1,"featured_media":74,"parent":0,"menu_order":0,"comment_status":"closed","ping_status":"closed","template":"","meta":{"_coblocks_attr":"","_coblocks_dimensions":"","_coblocks_responsive_height":"","_coblocks_accordion_ie_support":"","advgb_blocks_editor_width":"","advgb_blocks_columns_visual_guide":"","footnotes":""},"folder":[],"coauthors":[],"author_meta":{"author_link":"https:\/\/daneold.education.nc\/?author=1","display_name":"admin"},"relative_dates":{"created":"Publi\u00e9 6 ans il y a","modified":"Mis \u00e0 jour 5 ans il y a"},"absolute_dates":{"created":"Publi\u00e9 le 20 mars 2020","modified":"Mise \u00e0 jour le 21 mai 2021"},"absolute_dates_time":{"created":"Publi\u00e9 le 20 mars 2020 16 h 01 min","modified":"Mise \u00e0 jour le 21 mai 2021 23 h 17 min"},"featured_img_caption":"","featured_img":"https:\/\/daneold.education.nc\/wp-content\/uploads\/2020\/03\/ti-choix-logiciel.jpg","series_order":"","_links":{"self":[{"href":"https:\/\/daneold.education.nc\/index.php?rest_route=\/wp\/v2\/pages\/73"}],"collection":[{"href":"https:\/\/daneold.education.nc\/index.php?rest_route=\/wp\/v2\/pages"}],"about":[{"href":"https:\/\/daneold.education.nc\/index.php?rest_route=\/wp\/v2\/types\/page"}],"author":[{"embeddable":true,"href":"https:\/\/daneold.education.nc\/index.php?rest_route=\/wp\/v2\/users\/1"}],"replies":[{"embeddable":true,"href":"https:\/\/daneold.education.nc\/index.php?rest_route=%2Fwp%2Fv2%2Fcomments&post=73"}],"version-history":[{"count":5,"href":"https:\/\/daneold.education.nc\/index.php?rest_route=\/wp\/v2\/pages\/73\/revisions"}],"predecessor-version":[{"id":128,"href":"https:\/\/daneold.education.nc\/index.php?rest_route=\/wp\/v2\/pages\/73\/revisions\/128"}],"wp:featuredmedia":[{"embeddable":true,"href":"https:\/\/daneold.education.nc\/index.php?rest_route=\/wp\/v2\/media\/74"}],"wp:attachment":[{"href":"https:\/\/daneold.education.nc\/index.php?rest_route=%2Fwp%2Fv2%2Fmedia&parent=73"}],"wp:term":[{"taxonomy":"folder","embeddable":true,"href":"https:\/\/daneold.education.nc\/index.php?rest_route=%2Fwp%2Fv2%2Ffolder&post=73"}],"curies":[{"name":"wp","href":"https:\/\/api.w.org\/{rel}","templated":true}]}}