{"id":43,"date":"2020-03-20T14:57:14","date_gmt":"2020-03-20T03:57:14","guid":{"rendered":"http:\/\/139.99.172.177\/dane2020\/?page_id=43"},"modified":"2023-03-21T22:13:11","modified_gmt":"2023-03-21T11:13:11","slug":"accueil","status":"publish","type":"page","link":"https:\/\/daneold.education.nc\/","title":{"rendered":"Accueil"},"content":{"rendered":"\n<div class=\"alignfull\"><div id=\"metaslider-id-526\" style=\"width: 100%;\" class=\"ml-slider-3-62-0 metaslider metaslider-flex metaslider-526 ml-slider ms-theme-default\" role=\"region\" aria-roledescription=\"Slideshow\" aria-label=\"slide_accueil\">\n    <div id=\"metaslider_container_526\">\n        <div id=\"metaslider_526\">\n            <ul aria-live=\"polite\" class=\"slides\">\n                <li style=\"display: block; width: 100%;\" class=\"slide-1301 ms-image \" aria-roledescription=\"slide\" aria-label=\"slide-1301\"><a href=\"https:\/\/dane.education.nc\/wp-content\/uploads\/2024\/10\/Newletter-5-DANE-NC_V5.pdf\" target=\"_blank\"><img loading=\"lazy\" decoding=\"async\" src=\"https:\/\/daneold.education.nc\/wp-content\/uploads\/2024\/10\/Dane_newsletter5-700x300.png\" height=\"300\" width=\"700\" alt=\"\" class=\"slider-526 slide-1301\" title=\"Dane_newsletter5\" \/><\/a><\/li>\n                <li style=\"display: none; width: 100%;\" class=\"slide-1164 ms-image \" aria-roledescription=\"slide\" aria-label=\"slide-1164\"><a href=\"https:\/\/dane.education.nc\/?p=540\" target=\"_blank\"><img loading=\"lazy\" decoding=\"async\" src=\"https:\/\/daneold.education.nc\/wp-content\/uploads\/2024\/03\/referent_numerique-700x300.png\" height=\"300\" width=\"700\" alt=\"\" class=\"slider-526 slide-1164\" title=\"referent_numerique\" \/><\/a><div class=\"caption-wrap\"><div class=\"caption\"><div>Lettre de mission des RNE par Province<\/div><\/div><\/div><\/li>\n                <li style=\"display: none; width: 100%;\" class=\"slide-982 ms-image \" aria-roledescription=\"slide\" aria-label=\"slide-982\"><a href=\"https:\/\/dane.education.nc\/?page_id=703\" target=\"_blank\"><img loading=\"lazy\" decoding=\"async\" src=\"https:\/\/daneold.education.nc\/wp-content\/uploads\/2021\/08\/Pix-700x300.png\" height=\"300\" width=\"700\" alt=\"\" class=\"slider-526 slide-982\" title=\"Pix\" \/><\/a><\/li>\n                <li style=\"display: none; width: 100%;\" class=\"slide-1160 ms-image \" aria-roledescription=\"slide\" aria-label=\"slide-1160\"><a href=\"https:\/\/dane.education.nc\/?page_id=850\" target=\"_blank\"><img loading=\"lazy\" decoding=\"async\" src=\"https:\/\/daneold.education.nc\/wp-content\/uploads\/2021\/05\/visite_virtuelle-1081x300-1-700x300.jpg\" height=\"300\" width=\"700\" alt=\"\" class=\"slider-526 slide-1160\" title=\"visite_virtuelle-1081x300\" \/><\/a><div class=\"caption-wrap\"><div class=\"caption\"><div>Les \u00c9tats G\u00e9n\u00e9raux du Num\u00e9rique \u00c9ducatif (EGTN)<\/div><\/div><\/div><\/li>\n                <li style=\"display: none; width: 100%;\" class=\"slide-529 ms-image \" aria-roledescription=\"slide\" aria-label=\"slide-529\"><a href=\"https:\/\/dane.education.nc\/?p=1028\" target=\"_blank\"><img loading=\"lazy\" decoding=\"async\" src=\"https:\/\/daneold.education.nc\/wp-content\/uploads\/2021\/09\/memento2021b.jpg\" height=\"300\" width=\"700\" alt=\"\" class=\"slider-526 slide-529\" title=\"memento2021b\" \/><\/a><div class=\"caption-wrap\"><div class=\"caption\"><div>M\u00e9mento Continuit\u00e9 P\u00e9dagogique<\/div><\/div><\/div><\/li>\n                <li style=\"display: none; width: 100%;\" class=\"slide-528 ms-image \" aria-roledescription=\"slide\" aria-label=\"slide-528\"><a href=\"https:\/\/dane.education.nc\/?page_id=861\" target=\"_blank\"><img loading=\"lazy\" decoding=\"async\" src=\"https:\/\/daneold.education.nc\/wp-content\/uploads\/2021\/05\/analysis-1143x300@2x-700x300.jpg\" height=\"300\" width=\"700\" alt=\"\" class=\"slider-526 slide-528\" title=\"analysis-1143x300@2x\" \/><\/a><div class=\"caption-wrap\"><div class=\"caption\"><div>Les missions de la DANE<\/div><\/div><\/div><\/li>\n                <li style=\"display: none; width: 100%;\" class=\"slide-777 ms-image \" aria-roledescription=\"slide\" aria-label=\"slide-777\"><a href=\"https:\/\/moodle.ac-noumea.nc\" target=\"_blank\"><img loading=\"lazy\" decoding=\"async\" src=\"https:\/\/daneold.education.nc\/wp-content\/uploads\/2021\/05\/Moodle-700x300.jpg\" height=\"300\" width=\"700\" alt=\"\" class=\"slider-526 slide-777\" title=\"Moodle\" \/><\/a><\/li>\n            <\/ul>\n        <\/div>\n        \n    <\/div>\n<\/div><\/div>\n\n\n<ul class=\"wp-block-latest-posts__list is-grid columns-3 wp-block-latest-posts\"><li><a class=\"wp-block-latest-posts__post-title\" href=\"https:\/\/daneold.education.nc\/?p=540\">Les missions du R.N.E 2024<\/a><\/li>\n<li><a class=\"wp-block-latest-posts__post-title\" href=\"https:\/\/daneold.education.nc\/?p=1305\">Newsletter<\/a><\/li>\n<li><a class=\"wp-block-latest-posts__post-title\" href=\"https:\/\/daneold.education.nc\/?p=1058\">R\u00e9f\u00e9rentiel de comp\u00e9tences num\u00e9riques<\/a><\/li>\n<li><a class=\"wp-block-latest-posts__post-title\" href=\"https:\/\/daneold.education.nc\/?p=1028\">M\u00e9mento Continuit\u00e9 P\u00e9dagogique<\/a><\/li>\n<li><a class=\"wp-block-latest-posts__post-title\" href=\"https:\/\/daneold.education.nc\/?p=770\">CNED, classe virtuelle ma classe \u00e0 la maison, ressources \u00e0 distance<\/a><\/li>\n<\/ul>\n\n\n<h2 class=\"has-pale-cyan-blue-background-color has-background wp-block-heading\">Des ressources pour la continuit\u00e9 p\u00e9dagogique<\/h2>\n\n\n\n<section id=\"gm9fba91a\" class=\"wp-block-gutentor-m0 section-gm9fba91a gutentor-module gutentor-module-carousel gutentor-slick-a-default-desktop gutentor-slick-a-default-tablet gutentor-slick-a-default-mobile\"><div class=\"grid-container\"><div class=\"gutentor-module-carousel-row\" data-dots=\"false\" data-dotstablet=\"false\" data-dotsmobile=\"false\" data-arrows=\"true\" data-arrowstablet=\"true\" data-arrowsmobile=\"true\" data-infinite=\"true\" data-autoplay=\"true\" data-draggable=\"true\" data-pauseonfocus=\"true\" data-pauseonhover=\"true\" data-autoplayspeed=\"1144\" data-cmondesktop=\"false\" data-cmontablet=\"false\" data-cmonmobile=\"false\" data-nextarrow=\"fas fa-angle-right\" data-prevarrow=\"fas fa-angle-left\" data-arrowspositiondesktop=\"gutentor-slick-a-default-desktop\" data-arrowspositiontablet=\"gutentor-slick-a-default-tablet\" data-arrowspositionmobile=\"gutentor-slick-a-default-mobile\" data-speed=\"71\" data-slideitemdesktop=\"3\" data-slideitemtablet=\"3\" data-slideitemmobile=\"2\" data-slidescroll-desktop=\"1\" data-slidescroll-tablet=\"3\" data-slidescroll-mobile=\"2\">\n<div id=\"col-gm31727d\" class=\"wp-block-gutentor-m0-col col-gm31727d gutentor-carousel-item\"><div id=\"section-gm31727d\" class=\"section-gm31727d gutentor-col-wrap\">\n<div id=\"section-gca61eb\" class=\"wp-block-gutentor-e6 section-gca61eb gutentor-element gutentor-element-image\"><div class=\"gutentor-element-image-box\"><a class=\"gutentor-element-image-link\" href=\"https:\/\/dane.education.nc\/?p=542\" target=\"_blank\" rel=\"noopener noreferrer\"><div class=\"gutentor-image-thumb\"><img decoding=\"async\" class=\"normal-image\" src=\"https:\/\/dane.education.nc\/wp-content\/uploads\/2021\/05\/padlet_college.jpg\"\/><\/div><\/a><\/div><\/div>\n<\/div><\/div>\n\n\n\n<div id=\"col-gm7d8d6e\" class=\"wp-block-gutentor-m0-col col-gm7d8d6e gutentor-carousel-item\"><div id=\"section-gm7d8d6e\" class=\"section-gm7d8d6e gutentor-col-wrap\">\n<div id=\"section-g072200\" class=\"wp-block-gutentor-e6 section-g072200 gutentor-element gutentor-element-image\"><div class=\"gutentor-element-image-box\"><a class=\"gutentor-element-image-link\" href=\"https:\/\/dane.education.nc\/?p=563\" target=\"_blank\" rel=\"noopener noreferrer\"><div class=\"gutentor-image-thumb\"><img decoding=\"async\" class=\"normal-image\" src=\"https:\/\/dane.education.nc\/wp-content\/uploads\/2021\/05\/padlet_lycee.jpg\"\/><\/div><\/a><\/div><\/div>\n<\/div><\/div>\n\n\n\n<div id=\"col-gm031d12\" class=\"wp-block-gutentor-m0-col col-gm031d12 gutentor-carousel-item\"><div id=\"section-gm031d12\" class=\"section-gm031d12 gutentor-col-wrap\">\n<div id=\"section-gdd11e4\" class=\"wp-block-gutentor-e6 section-gdd11e4 gutentor-element gutentor-element-image\"><div class=\"gutentor-element-image-box\"><a class=\"gutentor-element-image-link\" href=\"https:\/\/dane.education.nc\/?p=566\" target=\"_blank\" rel=\"noopener noreferrer\"><div class=\"gutentor-image-thumb\"><img decoding=\"async\" class=\"normal-image\" src=\"https:\/\/dane.education.nc\/wp-content\/uploads\/2021\/05\/padlet_professeurs.jpg\"\/><\/div><\/a><\/div><\/div>\n<\/div><\/div>\n\n\n\n<div id=\"col-gmfc979c\" class=\"wp-block-gutentor-m0-col col-gmfc979c gutentor-carousel-item\"><div id=\"section-gmfc979c\" class=\"section-gmfc979c gutentor-col-wrap\">\n<div id=\"section-g872716\" class=\"wp-block-gutentor-e6 section-g872716 gutentor-element gutentor-element-image\"><div class=\"gutentor-element-image-box\"><a class=\"gutentor-element-image-link\" href=\"https:\/\/dane.education.nc\/?p=569\" target=\"_blank\" rel=\"noopener noreferrer\"><div class=\"gutentor-image-thumb\"><img decoding=\"async\" class=\"normal-image\" src=\"https:\/\/dane.education.nc\/wp-content\/uploads\/2021\/05\/padlet_familles.jpg\"\/><\/div><\/a><\/div><\/div>\n<\/div><\/div>\n<\/div><\/div><\/section>\n\n\n\n<h2 class=\"has-pale-cyan-blue-background-color has-background wp-block-heading\">L\u2019acad\u00e9mie de la Nouvelle-Cal\u00e9donie vous accompagne pour l\u2019enseignement hybride <\/h2>\n\n\n\n<div class=\"wp-block-columns coblocks-animate is-layout-flex wp-container-core-columns-layout-1 wp-block-columns-is-layout-flex\" data-coblocks-animation=\"fadeIn\">\n<div class=\"wp-block-column is-layout-flow wp-block-column-is-layout-flow\">\n<figure class=\"wp-block-image size-large is-style-default\"><a href=\"https:\/\/dane.education.nc\/?page_id=35\"><img loading=\"lazy\" decoding=\"async\" width=\"300\" height=\"180\" src=\"https:\/\/dane.education.nc\/wp-content\/uploads\/2020\/03\/jesuisperdir.png\" alt=\"\" class=\"wp-image-15\"\/><\/a><\/figure>\n\n\n\n<div id=\"section-gee79ae\" class=\"wp-block-gutentor-e2 alignwide section-gee79ae gutentor-element gutentor-element-button nolienwhite\"><span class=\"gutentor-button-wrap\"><a class=\"gutentor-button gutentor-block-button gutentor-icon-hide\" href=\"https:\/\/dane.education.nc\/?page_id=35\" target=\"_blank\" rel=\"noopener noreferrer nofollow\"><i class=\"gutentor-button-icon fas fa-book\"><\/i><span>Personnel de direction<\/span><\/a><\/span><\/div>\n<\/div>\n\n\n\n<div class=\"wp-block-column is-vertically-aligned-center is-layout-flow wp-block-column-is-layout-flow\">\n<figure class=\"wp-block-image size-thumbnail is-resized\"><a href=\"https:\/\/dane.education.nc\/?page_id=138\"><img loading=\"lazy\" decoding=\"async\" src=\"https:\/\/dane.education.nc\/wp-content\/uploads\/2021\/05\/referent_numerique-150x150.png\" alt=\"\" class=\"wp-image-136\" width=\"300\" height=\"180\" srcset=\"https:\/\/daneold.education.nc\/wp-content\/uploads\/2021\/05\/referent_numerique-300x180.png 300w, https:\/\/daneold.education.nc\/wp-content\/uploads\/2021\/05\/referent_numerique-1024x614.png 1024w, https:\/\/daneold.education.nc\/wp-content\/uploads\/2021\/05\/referent_numerique-768x461.png 768w, https:\/\/daneold.education.nc\/wp-content\/uploads\/2021\/05\/referent_numerique-1536x921.png 1536w, https:\/\/daneold.education.nc\/wp-content\/uploads\/2021\/05\/referent_numerique-2048x1229.png 2048w\" sizes=\"(max-width: 300px) 100vw, 300px\" \/><\/a><\/figure>\n\n\n\n<div id=\"section-g315798\" class=\"wp-block-gutentor-e2 alignwide section-g315798 gutentor-element gutentor-element-button button-align-center-desktop nolienwhite\"><span class=\"gutentor-button-wrap\"><a class=\"gutentor-button gutentor-block-button gutentor-icon-hide\" href=\"https:\/\/dane.education.nc\/?page_id=138\"><i class=\"gutentor-button-icon fas fa-book\"><\/i><span>R\u00e9f\u00e9rent num\u00e9rique<\/span><\/a><\/span><\/div>\n<\/div>\n\n\n\n<div class=\"wp-block-column is-layout-flow wp-block-column-is-layout-flow\">\n<figure class=\"wp-block-image size-thumbnail is-resized\"><a href=\"https:\/\/dane.education.nc\/?page_id=318\"><img loading=\"lazy\" decoding=\"async\" src=\"https:\/\/dane.education.nc\/wp-content\/uploads\/2021\/05\/jesuisprofesseur2-150x150.png\" alt=\"\" class=\"wp-image-137\" width=\"300\" height=\"180\" srcset=\"https:\/\/daneold.education.nc\/wp-content\/uploads\/2021\/05\/jesuisprofesseur2-300x180.png 300w, https:\/\/daneold.education.nc\/wp-content\/uploads\/2021\/05\/jesuisprofesseur2-1024x614.png 1024w, https:\/\/daneold.education.nc\/wp-content\/uploads\/2021\/05\/jesuisprofesseur2-768x461.png 768w, https:\/\/daneold.education.nc\/wp-content\/uploads\/2021\/05\/jesuisprofesseur2-1536x922.png 1536w, https:\/\/daneold.education.nc\/wp-content\/uploads\/2021\/05\/jesuisprofesseur2.png 1920w\" sizes=\"(max-width: 300px) 100vw, 300px\" \/><\/a><\/figure>\n\n\n\n<div id=\"section-g8a7cf8\" class=\"wp-block-gutentor-e2 section-g8a7cf8 gutentor-element gutentor-element-button button-align-center-desktop nolienwhite\"><span class=\"gutentor-button-wrap\"><a class=\"gutentor-button gutentor-block-button gutentor-icon-hide\" href=\"https:\/\/dane.education.nc\/?page_id=318\"><i class=\"gutentor-button-icon fas fa-book\"><\/i><span>Je suis professeur<\/span><\/a><\/span><\/div>\n<\/div>\n<\/div>\n\n\n\n<div class=\"wp-block-columns is-layout-flex wp-container-core-columns-layout-2 wp-block-columns-is-layout-flex\">\n<div class=\"wp-block-column is-layout-flow wp-block-column-is-layout-flow\">\n<figure class=\"wp-block-image size-large is-resized\"><a href=\"https:\/\/dane.education.nc\/?page_id=142\"><img loading=\"lazy\" decoding=\"async\" src=\"https:\/\/dane.education.nc\/wp-content\/uploads\/2021\/05\/jesuisprofesseurdesecoles-1@2x-1024x614.png\" alt=\"\" class=\"wp-image-372\" width=\"247\" height=\"148\" srcset=\"https:\/\/daneold.education.nc\/wp-content\/uploads\/2021\/05\/jesuisprofesseurdesecoles-1@2x-1024x614.png 1024w, https:\/\/daneold.education.nc\/wp-content\/uploads\/2021\/05\/jesuisprofesseurdesecoles-1@2x-300x180.png 300w, https:\/\/daneold.education.nc\/wp-content\/uploads\/2021\/05\/jesuisprofesseurdesecoles-1@2x-768x461.png 768w, https:\/\/daneold.education.nc\/wp-content\/uploads\/2021\/05\/jesuisprofesseurdesecoles-1@2x-1536x922.png 1536w, https:\/\/daneold.education.nc\/wp-content\/uploads\/2021\/05\/jesuisprofesseurdesecoles-1@2x.png 1920w\" sizes=\"(max-width: 247px) 100vw, 247px\" \/><\/a><\/figure>\n<\/div>\n\n\n\n<div class=\"wp-block-column is-layout-flow wp-block-column-is-layout-flow\">\n<figure class=\"wp-block-image size-large is-resized\"><a href=\"https:\/\/dane.education.nc\/?page_id=31\"><img loading=\"lazy\" decoding=\"async\" src=\"https:\/\/dane.education.nc\/wp-content\/uploads\/2020\/03\/jesuisparent.png\" alt=\"\" class=\"wp-image-14\" width=\"247\" height=\"148\"\/><\/a><\/figure>\n<\/div>\n\n\n\n<div class=\"wp-block-column is-layout-flow wp-block-column-is-layout-flow\">\n<figure class=\"wp-block-image size-large\"><a href=\"https:\/\/dane.education.nc\/?page_id=33\"><img loading=\"lazy\" decoding=\"async\" width=\"300\" height=\"180\" src=\"https:\/\/dane.education.nc\/wp-content\/uploads\/2020\/03\/jesuiseleves.png\" alt=\"\" class=\"wp-image-16\"\/><\/a><\/figure>\n<\/div>\n<\/div>\n\n\n\n<div class=\"wp-block-columns is-layout-flex wp-container-core-columns-layout-3 wp-block-columns-is-layout-flex\">\n<div class=\"wp-block-column is-layout-flow wp-block-column-is-layout-flow\">\n<div id=\"section-ge62998\" class=\"wp-block-gutentor-e2 section-ge62998 gutentor-element gutentor-element-button nolienwhite\"><span class=\"gutentor-button-wrap\"><a class=\"gutentor-button gutentor-block-button gutentor-icon-hide\" href=\"https:\/\/dane.education.nc\/?page_id=142\"><i class=\"gutentor-button-icon fas fa-book\"><\/i><span>Je suis professeur des \u00e9coles<\/span><\/a><\/span><\/div>\n<\/div>\n\n\n\n<div class=\"wp-block-column is-layout-flow wp-block-column-is-layout-flow\">\n<div id=\"section-g840c0a\" class=\"wp-block-gutentor-e2 section-g840c0a gutentor-element gutentor-element-button button-align-center-desktop nolienwhite\"><span class=\"gutentor-button-wrap\"><a class=\"gutentor-button gutentor-block-button gutentor-icon-hide\" href=\"https:\/\/dane.education.nc\/?page_id=31\"><i class=\"gutentor-button-icon fas fa-book\"><\/i><span>Je suis parent<\/span><\/a><\/span><\/div>\n<\/div>\n\n\n\n<div class=\"wp-block-column is-layout-flow wp-block-column-is-layout-flow\">\n<div id=\"section-gaaf0fe\" class=\"wp-block-gutentor-e2 section-gaaf0fe gutentor-element gutentor-element-button button-align-center-desktop nolienwhite\"><span class=\"gutentor-button-wrap\"><a class=\"gutentor-button gutentor-block-button gutentor-icon-hide\" href=\"https:\/\/dane.education.nc\/?page_id=33\"><i class=\"gutentor-button-icon fas fa-book\"><\/i><span>Je suis \u00e9l\u00e8ve<\/span><\/a><\/span><\/div>\n<\/div>\n<\/div>\n\n\n\n<h2 class=\"has-pale-cyan-blue-background-color has-background wp-block-heading\"><strong>Semaine du num\u00e9rique<\/strong><\/h2>\n\n\n\n<h2 class=\"wp-block-heading\"> <strong>Des ressources pour la continuit\u00e9 p\u00e9dagogique<\/strong> <\/h2>\n\n\n\n<ul>\n<li>La continuit\u00e9 p\u00e9dagogique  : Un <a href=\"https:\/\/dane.education.nc\/?page_id=610\">padlet pour vous aider<\/a><\/li>\n\n\n\n<li><strong>Ecole inclusive et num\u00e9rique<\/strong>&nbsp;:&nbsp;<a href=\"https:\/\/dane.education.nc\/?p=574\">Le num\u00e9rique au service de l\u2019\u00e9cole inclusive<\/a><\/li>\n\n\n\n<li><strong>Tutoriels<\/strong>&nbsp;:&nbsp;<a rel=\"noreferrer noopener\" href=\"https:\/\/dane.ac-nancy-metz.fr\/tutoriels\/\" target=\"_blank\">Principaux outils et ressources<\/a><\/li>\n\n\n\n<li><strong>Catalogue de ressources p\u00e9dagogiques par discipline&nbsp;<\/strong>:&nbsp;<a href=\"https:\/\/dane.education.nc\/?page_id=618\">Acc\u00e8s au catalogue<\/a><\/li>\n<\/ul>\n\n\n\n<h2 class=\"has-pale-cyan-blue-background-color has-background wp-block-heading\"><strong>Un \u00e9gal acc\u00e8s au num\u00e9rique pour tous<\/strong><\/h2>\n\n\n\n<section id=\"gmd311233\" class=\"wp-block-gutentor-m4 section-gmd311233 gutentor-module gutentor-advanced-columns\"><div class=\"grid-container\"><div class=\"grid-row\">\n<div id=\"col-gm23a8b7\" class=\"wp-block-gutentor-m4-col col-gm23a8b7 gutentor-single-column  grid-lg-4 grid-md-12 grid-12\"><div id=\"section-gm23a8b7\" class=\"section-gm23a8b7 gutentor-col-wrap\">\n<div id=\"section-g501ebb\" class=\"wp-block-gutentor-e6 alignfull section-g501ebb gutentor-element gutentor-element-image\"><div class=\"gutentor-element-image-box\"><a class=\"gutentor-element-image-link\" href=\"https:\/\/dane.education.nc\/index.php\/lutter-contre-le-decrochage-scolaire-par-le-numerique\/\" target=\"_blank\" rel=\"noopener noreferrer\"><div class=\"gutentor-image-thumb\"><img decoding=\"async\" class=\"normal-image\" src=\"https:\/\/dane.education.nc\/wp-content\/uploads\/2021\/05\/Logo_site_ambition21-1.png\"\/><\/div><\/a><\/div><\/div>\n\n\n\n<p><\/p>\n<\/div><\/div>\n\n\n\n<div id=\"col-gm9b44df\" class=\"wp-block-gutentor-m4-col col-gm9b44df gutentor-single-column  grid-lg-4 grid-md-12 grid-12\"><div id=\"section-gm9b44df\" class=\"section-gm9b44df gutentor-col-wrap\">\n<div id=\"section-g7c16bf\" class=\"wp-block-gutentor-e6 alignfull section-g7c16bf gutentor-element gutentor-element-image\"><div class=\"gutentor-element-image-box\"><a class=\"gutentor-element-image-link\" href=\"https:\/\/dane.education.nc\/index.php\/2021\/05\/24\/archiclasse\/\" target=\"_blank\" rel=\"noopener noreferrer\"><div class=\"gutentor-image-thumb\"><img decoding=\"async\" class=\"normal-image\" src=\"https:\/\/dane.education.nc\/wp-content\/uploads\/2021\/05\/archiclasse-1920x500-1.jpg\"\/><\/div><\/a><\/div><\/div>\n<\/div><\/div>\n\n\n\n<div id=\"col-gmfdc6b6\" class=\"wp-block-gutentor-m4-col col-gmfdc6b6 gutentor-single-column  grid-lg-4 grid-md-12 grid-12\"><div id=\"section-gmfdc6b6\" class=\"section-gmfdc6b6 gutentor-col-wrap\"><\/div><\/div>\n<\/div><\/div><\/section>\n\n\n\n<p><\/p>\n","protected":false},"excerpt":{"rendered":"<p>Des ressources pour la continuit\u00e9 p\u00e9dagogique L\u2019acad\u00e9mie de la Nouvelle-Cal\u00e9donie vous accompagne pour l\u2019enseignement hybride Semaine du num\u00e9rique Des ressources pour la continuit\u00e9 p\u00e9dagogique Un \u00e9gal acc\u00e8s au num\u00e9rique pour tous<\/p>\n","protected":false},"author":1,"featured_media":0,"parent":0,"menu_order":0,"comment_status":"closed","ping_status":"closed","template":"","meta":{"_coblocks_attr":"ArialHelvetica,Georgia,Abril Fatface,Ubuntu,Open Sans,Merriweather,Cormorant Garamond,Arvo,Arial,","_coblocks_dimensions":"","_coblocks_responsive_height":"","_coblocks_accordion_ie_support":"","advgb_blocks_editor_width":"","advgb_blocks_columns_visual_guide":"","footnotes":""},"folder":[],"coauthors":[],"author_meta":{"author_link":"https:\/\/daneold.education.nc\/?author=1","display_name":"admin"},"relative_dates":{"created":"Publi\u00e9 6 ans il y a","modified":"Mis \u00e0 jour 3 ans il y a"},"absolute_dates":{"created":"Publi\u00e9 le 20 mars 2020","modified":"Mise \u00e0 jour le 21 mars 2023"},"absolute_dates_time":{"created":"Publi\u00e9 le 20 mars 2020 14 h 57 min","modified":"Mise \u00e0 jour le 21 mars 2023 22 h 13 min"},"featured_img_caption":"","featured_img":false,"series_order":"","_links":{"self":[{"href":"https:\/\/daneold.education.nc\/index.php?rest_route=\/wp\/v2\/pages\/43"}],"collection":[{"href":"https:\/\/daneold.education.nc\/index.php?rest_route=\/wp\/v2\/pages"}],"about":[{"href":"https:\/\/daneold.education.nc\/index.php?rest_route=\/wp\/v2\/types\/page"}],"author":[{"embeddable":true,"href":"https:\/\/daneold.education.nc\/index.php?rest_route=\/wp\/v2\/users\/1"}],"replies":[{"embeddable":true,"href":"https:\/\/daneold.education.nc\/index.php?rest_route=%2Fwp%2Fv2%2Fcomments&post=43"}],"version-history":[{"count":138,"href":"https:\/\/daneold.education.nc\/index.php?rest_route=\/wp\/v2\/pages\/43\/revisions"}],"predecessor-version":[{"id":1331,"href":"https:\/\/daneold.education.nc\/index.php?rest_route=\/wp\/v2\/pages\/43\/revisions\/1331"}],"wp:attachment":[{"href":"https:\/\/daneold.education.nc\/index.php?rest_route=%2Fwp%2Fv2%2Fmedia&parent=43"}],"wp:term":[{"taxonomy":"folder","embeddable":true,"href":"https:\/\/daneold.education.nc\/index.php?rest_route=%2Fwp%2Fv2%2Ffolder&post=43"}],"curies":[{"name":"wp","href":"https:\/\/api.w.org\/{rel}","templated":true}]}}