{"id":35,"date":"2020-03-20T14:47:58","date_gmt":"2020-03-20T03:47:58","guid":{"rendered":"http:\/\/139.99.172.177\/dane2020\/?page_id=35"},"modified":"2021-09-17T17:04:34","modified_gmt":"2021-09-17T06:04:34","slug":"je-suis-personnel-de-direction","status":"publish","type":"page","link":"https:\/\/daneold.education.nc\/?page_id=35","title":{"rendered":"Je suis  personnel de direction"},"content":{"rendered":"\n<p> Conseils pour les chefs d&rsquo;\u00e9tablissement  <\/p>\n\n\n\n<figure class=\"wp-block-image size-large\"><img decoding=\"async\" src=\"https:\/\/dane.education.nc\/wp-content\/uploads\/2020\/03\/jesuisperdir.png\" alt=\"\"\/><\/figure>\n\n\n\n<p><\/p>\n","protected":false},"excerpt":{"rendered":"<p>Conseils pour les chefs d&rsquo;\u00e9tablissement<\/p>\n","protected":false},"author":1,"featured_media":15,"parent":305,"menu_order":0,"comment_status":"closed","ping_status":"closed","template":"","meta":{"_coblocks_attr":"","_coblocks_dimensions":"","_coblocks_responsive_height":"","_coblocks_accordion_ie_support":"","advgb_blocks_editor_width":"","advgb_blocks_columns_visual_guide":"","footnotes":""},"folder":[],"coauthors":[],"author_meta":{"author_link":"https:\/\/daneold.education.nc\/?author=1","display_name":"admin"},"relative_dates":{"created":"Publi\u00e9 6 ans il y a","modified":"Mis \u00e0 jour 5 ans il y a"},"absolute_dates":{"created":"Publi\u00e9 le 20 mars 2020","modified":"Mise \u00e0 jour le 17 septembre 2021"},"absolute_dates_time":{"created":"Publi\u00e9 le 20 mars 2020 14 h 47 min","modified":"Mise \u00e0 jour le 17 septembre 2021 17 h 04 min"},"featured_img_caption":"","featured_img":"https:\/\/daneold.education.nc\/wp-content\/uploads\/2020\/03\/jesuisperdir.png","series_order":"","_links":{"self":[{"href":"https:\/\/daneold.education.nc\/index.php?rest_route=\/wp\/v2\/pages\/35"}],"collection":[{"href":"https:\/\/daneold.education.nc\/index.php?rest_route=\/wp\/v2\/pages"}],"about":[{"href":"https:\/\/daneold.education.nc\/index.php?rest_route=\/wp\/v2\/types\/page"}],"author":[{"embeddable":true,"href":"https:\/\/daneold.education.nc\/index.php?rest_route=\/wp\/v2\/users\/1"}],"replies":[{"embeddable":true,"href":"https:\/\/daneold.education.nc\/index.php?rest_route=%2Fwp%2Fv2%2Fcomments&post=35"}],"version-history":[{"count":4,"href":"https:\/\/daneold.education.nc\/index.php?rest_route=\/wp\/v2\/pages\/35\/revisions"}],"predecessor-version":[{"id":1074,"href":"https:\/\/daneold.education.nc\/index.php?rest_route=\/wp\/v2\/pages\/35\/revisions\/1074"}],"up":[{"embeddable":true,"href":"https:\/\/daneold.education.nc\/index.php?rest_route=\/wp\/v2\/pages\/305"}],"wp:featuredmedia":[{"embeddable":true,"href":"https:\/\/daneold.education.nc\/index.php?rest_route=\/wp\/v2\/media\/15"}],"wp:attachment":[{"href":"https:\/\/daneold.education.nc\/index.php?rest_route=%2Fwp%2Fv2%2Fmedia&parent=35"}],"wp:term":[{"taxonomy":"folder","embeddable":true,"href":"https:\/\/daneold.education.nc\/index.php?rest_route=%2Fwp%2Fv2%2Ffolder&post=35"}],"curies":[{"name":"wp","href":"https:\/\/api.w.org\/{rel}","templated":true}]}}