{"id":330,"date":"2021-05-22T22:19:54","date_gmt":"2021-05-22T11:19:54","guid":{"rendered":"https:\/\/dane.education.nc\/?page_id=330"},"modified":"2021-05-23T18:29:45","modified_gmt":"2021-05-23T07:29:45","slug":"je-suis-professeur-avec-des-eleves-a-besoins-educatifs-particuliers","status":"publish","type":"page","link":"https:\/\/daneold.education.nc\/?page_id=330","title":{"rendered":"Professeur et \u00e9l\u00e8ves \u00e0 besoins \u00e9ducatifs particuliers"},"content":{"rendered":"","protected":false},"excerpt":{"rendered":"","protected":false},"author":1,"featured_media":0,"parent":318,"menu_order":0,"comment_status":"closed","ping_status":"closed","template":"","meta":{"_coblocks_attr":"","_coblocks_dimensions":"","_coblocks_responsive_height":"","_coblocks_accordion_ie_support":"","advgb_blocks_editor_width":"","advgb_blocks_columns_visual_guide":"","footnotes":""},"folder":[],"coauthors":[],"author_meta":{"author_link":"https:\/\/daneold.education.nc\/?author=1","display_name":"admin"},"relative_dates":{"created":"Publi\u00e9 5 ans il y a","modified":"Mis \u00e0 jour 5 ans il y a"},"absolute_dates":{"created":"Publi\u00e9 le 22 mai 2021","modified":"Mise \u00e0 jour le 23 mai 2021"},"absolute_dates_time":{"created":"Publi\u00e9 le 22 mai 2021 22 h 19 min","modified":"Mise \u00e0 jour le 23 mai 2021 18 h 29 min"},"featured_img_caption":"","featured_img":false,"series_order":"","_links":{"self":[{"href":"https:\/\/daneold.education.nc\/index.php?rest_route=\/wp\/v2\/pages\/330"}],"collection":[{"href":"https:\/\/daneold.education.nc\/index.php?rest_route=\/wp\/v2\/pages"}],"about":[{"href":"https:\/\/daneold.education.nc\/index.php?rest_route=\/wp\/v2\/types\/page"}],"author":[{"embeddable":true,"href":"https:\/\/daneold.education.nc\/index.php?rest_route=\/wp\/v2\/users\/1"}],"replies":[{"embeddable":true,"href":"https:\/\/daneold.education.nc\/index.php?rest_route=%2Fwp%2Fv2%2Fcomments&post=330"}],"version-history":[{"count":2,"href":"https:\/\/daneold.education.nc\/index.php?rest_route=\/wp\/v2\/pages\/330\/revisions"}],"predecessor-version":[{"id":358,"href":"https:\/\/daneold.education.nc\/index.php?rest_route=\/wp\/v2\/pages\/330\/revisions\/358"}],"up":[{"embeddable":true,"href":"https:\/\/daneold.education.nc\/index.php?rest_route=\/wp\/v2\/pages\/318"}],"wp:attachment":[{"href":"https:\/\/daneold.education.nc\/index.php?rest_route=%2Fwp%2Fv2%2Fmedia&parent=330"}],"wp:term":[{"taxonomy":"folder","embeddable":true,"href":"https:\/\/daneold.education.nc\/index.php?rest_route=%2Fwp%2Fv2%2Ffolder&post=330"}],"curies":[{"name":"wp","href":"https:\/\/api.w.org\/{rel}","templated":true}]}}