{"id":33,"date":"2020-03-20T14:47:19","date_gmt":"2020-03-20T03:47:19","guid":{"rendered":"http:\/\/139.99.172.177\/dane2020\/?page_id=33"},"modified":"2021-09-17T17:38:33","modified_gmt":"2021-09-17T06:38:33","slug":"je-suis-eleve","status":"publish","type":"page","link":"https:\/\/daneold.education.nc\/?page_id=33","title":{"rendered":"Je suis \u00e9l\u00e8ve"},"content":{"rendered":"\n<p><\/p>\n\n\n\n<figure class=\"wp-block-image size-large\"><img decoding=\"async\" src=\"https:\/\/dane.education.nc\/wp-content\/uploads\/2020\/03\/jesuiseleves.png\" alt=\"\"\/><\/figure>\n\n\n\n<div class=\"wp-block-columns is-layout-flex wp-container-core-columns-layout-1 wp-block-columns-is-layout-flex\">\n<div class=\"wp-block-column is-layout-flow wp-block-column-is-layout-flow\">\n<figure class=\"wp-block-image size-large\"><a href=\"https:\/\/dane.education.nc\/?p=542\"><img loading=\"lazy\" decoding=\"async\" width=\"1024\" height=\"576\" src=\"https:\/\/dane.education.nc\/wp-content\/uploads\/2021\/05\/padlet_college-1024x576.jpg\" alt=\"\" class=\"wp-image-550\" srcset=\"https:\/\/daneold.education.nc\/wp-content\/uploads\/2021\/05\/padlet_college-1024x576.jpg 1024w, https:\/\/daneold.education.nc\/wp-content\/uploads\/2021\/05\/padlet_college-300x169.jpg 300w, https:\/\/daneold.education.nc\/wp-content\/uploads\/2021\/05\/padlet_college-768x432.jpg 768w, https:\/\/daneold.education.nc\/wp-content\/uploads\/2021\/05\/padlet_college-1110x624.jpg 1110w, https:\/\/daneold.education.nc\/wp-content\/uploads\/2021\/05\/padlet_college-528x297.jpg 528w, https:\/\/daneold.education.nc\/wp-content\/uploads\/2021\/05\/padlet_college.jpg 1280w\" sizes=\"(max-width: 1024px) 100vw, 1024px\" \/><\/a><\/figure>\n<\/div>\n\n\n\n<div class=\"wp-block-column is-layout-flow wp-block-column-is-layout-flow\">\n<figure class=\"wp-block-image size-large\"><a href=\"https:\/\/dane.education.nc\/?p=563\"><img loading=\"lazy\" decoding=\"async\" width=\"1024\" height=\"576\" src=\"https:\/\/dane.education.nc\/wp-content\/uploads\/2021\/05\/padlet_lycee-1024x576.jpg\" alt=\"\" class=\"wp-image-548\" srcset=\"https:\/\/daneold.education.nc\/wp-content\/uploads\/2021\/05\/padlet_lycee-1024x576.jpg 1024w, https:\/\/daneold.education.nc\/wp-content\/uploads\/2021\/05\/padlet_lycee-300x169.jpg 300w, https:\/\/daneold.education.nc\/wp-content\/uploads\/2021\/05\/padlet_lycee-768x432.jpg 768w, https:\/\/daneold.education.nc\/wp-content\/uploads\/2021\/05\/padlet_lycee-1110x624.jpg 1110w, https:\/\/daneold.education.nc\/wp-content\/uploads\/2021\/05\/padlet_lycee-528x297.jpg 528w, https:\/\/daneold.education.nc\/wp-content\/uploads\/2021\/05\/padlet_lycee.jpg 1280w\" sizes=\"(max-width: 1024px) 100vw, 1024px\" \/><\/a><\/figure>\n<\/div>\n<\/div>\n","protected":false},"excerpt":{"rendered":"","protected":false},"author":1,"featured_media":16,"parent":305,"menu_order":0,"comment_status":"closed","ping_status":"closed","template":"","meta":{"_coblocks_attr":"","_coblocks_dimensions":"","_coblocks_responsive_height":"","_coblocks_accordion_ie_support":"","advgb_blocks_editor_width":"","advgb_blocks_columns_visual_guide":"","footnotes":""},"folder":[],"coauthors":[],"author_meta":{"author_link":"https:\/\/daneold.education.nc\/?author=1","display_name":"admin"},"relative_dates":{"created":"Publi\u00e9 6 ans il y a","modified":"Mis \u00e0 jour 5 ans il y a"},"absolute_dates":{"created":"Publi\u00e9 le 20 mars 2020","modified":"Mise \u00e0 jour le 17 septembre 2021"},"absolute_dates_time":{"created":"Publi\u00e9 le 20 mars 2020 14 h 47 min","modified":"Mise \u00e0 jour le 17 septembre 2021 17 h 38 min"},"featured_img_caption":"","featured_img":"https:\/\/daneold.education.nc\/wp-content\/uploads\/2020\/03\/jesuiseleves.png","series_order":"","_links":{"self":[{"href":"https:\/\/daneold.education.nc\/index.php?rest_route=\/wp\/v2\/pages\/33"}],"collection":[{"href":"https:\/\/daneold.education.nc\/index.php?rest_route=\/wp\/v2\/pages"}],"about":[{"href":"https:\/\/daneold.education.nc\/index.php?rest_route=\/wp\/v2\/types\/page"}],"author":[{"embeddable":true,"href":"https:\/\/daneold.education.nc\/index.php?rest_route=\/wp\/v2\/users\/1"}],"replies":[{"embeddable":true,"href":"https:\/\/daneold.education.nc\/index.php?rest_route=%2Fwp%2Fv2%2Fcomments&post=33"}],"version-history":[{"count":3,"href":"https:\/\/daneold.education.nc\/index.php?rest_route=\/wp\/v2\/pages\/33\/revisions"}],"predecessor-version":[{"id":1104,"href":"https:\/\/daneold.education.nc\/index.php?rest_route=\/wp\/v2\/pages\/33\/revisions\/1104"}],"up":[{"embeddable":true,"href":"https:\/\/daneold.education.nc\/index.php?rest_route=\/wp\/v2\/pages\/305"}],"wp:featuredmedia":[{"embeddable":true,"href":"https:\/\/daneold.education.nc\/index.php?rest_route=\/wp\/v2\/media\/16"}],"wp:attachment":[{"href":"https:\/\/daneold.education.nc\/index.php?rest_route=%2Fwp%2Fv2%2Fmedia&parent=33"}],"wp:term":[{"taxonomy":"folder","embeddable":true,"href":"https:\/\/daneold.education.nc\/index.php?rest_route=%2Fwp%2Fv2%2Ffolder&post=33"}],"curies":[{"name":"wp","href":"https:\/\/api.w.org\/{rel}","templated":true}]}}