{"id":218,"date":"2021-05-22T11:43:05","date_gmt":"2021-05-22T00:43:05","guid":{"rendered":"https:\/\/dane.education.nc\/?page_id=218"},"modified":"2023-09-08T12:10:44","modified_gmt":"2023-09-08T01:10:44","slug":"la-dane-son-organisation","status":"publish","type":"page","link":"https:\/\/daneold.education.nc\/?page_id=218","title":{"rendered":"Son organisation"},"content":{"rendered":"\n<h2 class=\"wp-block-heading\">Autour du D\u00e9l\u00e9gu\u00e9 acad\u00e9mique au num\u00e9rique&#8230;<\/h2>\n\n\n\n<p>Autour du D\u00e9l\u00e9gu\u00e9 acad\u00e9mique au num\u00e9rique \u00e9ducatif (DANE) une \u00e9quipe soud\u00e9e avec des missions bien pr\u00e9cises pour permettre l\u2019acc\u00e8s pour tous aux services num\u00e9riques dans les meilleures conditions.<\/p>\n\n\n\n<h2 class=\"has-pale-cyan-blue-background-color has-background wp-block-heading\">DAN et Adjoint DAN<\/h2>\n\n\n\n<p><\/p>\n\n\n\n<div class=\"wp-block-columns is-layout-flex wp-container-core-columns-layout-1 wp-block-columns-is-layout-flex\">\n<div class=\"wp-block-column is-layout-flow wp-block-column-is-layout-flow\">\n<ul>\n<li><a href=\"mailto:dane@ac-noumea.nc\">Christel IZAC<\/a><br><strong>D\u00e9l\u00e9gu\u00e9 Acad\u00e9mique au Num\u00e9rique<\/strong><br>Inspecteur acad\u00e9mique en sciences et techniques industrielles, <br>extension pour Wallis-et-Futuna<br>T\u00e9l\u00a0: 26 62 83<br><\/li>\n\n\n\n<li><a href=\"mailto:dane@ac-noumea.nc\">Eric Gaudillat<\/a><br><strong>Adjoint<\/strong> <strong>DAN<\/strong><br>R\u00e9f\u00e9rent Cartable num\u00e9rique<br>Tel : 79 07 67<br><\/li>\n<\/ul>\n\n\n\n<h2 class=\"has-pale-cyan-blue-background-color has-background wp-block-heading\">Animateurs DANE<\/h2>\n\n\n\n<ul>\n<li><a href=\"mailto:dane@ac-noumea.nc\">Thierry LLIDO<\/a><br><strong><strong>Animateur de bassin Nord<\/strong><\/strong><br><strong>R\u00e9f\u00e9rent Envole<\/strong><br><\/li>\n\n\n\n<li><a href=\"mailto:dane@ac-noumea.nc\">Cl\u00e9ment Bachellereau<\/a><br><strong>Animateur de bassin Grand-SUD<\/strong><br><strong>R\u00e9f\u00e9rent Cloud<\/strong><br><\/li>\n\n\n\n<li><a href=\"mailto:dane@ac-noumea.nc\">Christophe CHAUDUN<\/a><br><strong>Animateur de bassin Noum\u00e9a et \u00celes<\/strong><br>R\u00e9f\u00e9rent PIX<br><br><\/li>\n<\/ul>\n<\/div>\n\n\n\n<div class=\"wp-block-column is-layout-flow wp-block-column-is-layout-flow\">\n<figure class=\"wp-block-image is-resized\"><img loading=\"lazy\" decoding=\"async\" src=\"https:\/\/i.pinimg.com\/736x\/ab\/e2\/5a\/abe25aeb74391d2b3c12ad7686943e5b.jpg\" alt=\"Pin on presentation\" width=\"470\" height=\"470\"\/><\/figure>\n<\/div>\n<\/div>\n\n\n\n<p><\/p>\n\n\n\n<h2 class=\"has-pale-cyan-blue-background-color has-background wp-block-heading\">R\u00e9f\u00e9rents application &amp; environnement num\u00e9rique<\/h2>\n\n\n\n<div class=\"wp-block-columns is-layout-flex wp-container-core-columns-layout-2 wp-block-columns-is-layout-flex\">\n<div class=\"wp-block-column is-layout-flow wp-block-column-is-layout-flow\" style=\"flex-basis:100%\">\n<figure class=\"wp-block-table is-style-regular\"><table class=\"has-fixed-layout\"><tbody><tr><td> <strong style=\"font-family: inherit; font-size: inherit; color: initial;\">R\u00e9f\u00e9rent PIX<\/strong><span style=\"font-family: inherit; font-size: inherit; font-weight: inherit; color: initial;\"> :  <\/span><br><a style=\"font-family: inherit; font-size: inherit; font-weight: inherit;\" href=\"mailto:dane@ac-noumea.nc\">Christophe CHAUDUN<\/a><span style=\"font-family: inherit; font-size: inherit; font-weight: inherit; color: initial;\"> <\/span><\/td><td><img decoding=\"async\" alt=\"2- Pix Orga, version &quot;scolaire&quot; de Pix - EduLab - Cit\u00e9 Scolaire du Couserans\" src=\"https:\/\/couserans.mon-ent-occitanie.fr\/lectureFichiergw.do?ID_FICHIER=1451887061412\" style=\"width: 200px;\"><\/td><\/tr><tr><td>R<strong>\u00e9f\u00e9rent Cartable Num\u00e9rique :<\/strong><br><a href=\"mailto:dane@ac-noumea.nc\">Eric Gaudillat<\/a><br>Tel : 79 07 67<\/td><td><img decoding=\"async\" src=\"https:\/\/dane.education.nc\/wp-content\/uploads\/2021\/05\/cartable-1.jpg\" alt=\"\" style=\"width: 170px;\"><\/td><\/tr><tr><td><strong>R\u00e9f\u00e9rent CLOUD :<\/strong><br><a href=\"mailto:dane@ac-noumea.nc\">Cl\u00e9ment Bachellereau<\/a><\/td><td><img decoding=\"async\" alt=\"Un cloud acad\u00e9mique pour h\u00e9berger et synchroniser vos donn\u00e9es | D\u00e9l\u00e9gation  R\u00e9gionale du Num\u00e9rique pour l'\u00c9ducation\" src=\"https:\/\/dane.ac-besancon.fr\/wp-content\/uploads\/sites\/56\/2017\/01\/Couverture_CloudAca-300x99.jpg\" style=\"width: 200px;\"><\/td><\/tr><tr><td><strong>R\u00e9f\u00e9rent Magist\u00e8re :<\/strong><br><a href=\"mailto:dane@ac-noumea.nc\">Raymond FARCY<\/a><br>T\u00e9l&nbsp;: 79 16 03<\/td><td><img decoding=\"async\" src=\"data:image\/png;base64,iVBORw0KGgoAAAANSUhEUgAAAdAAAABtCAMAAAAmoMAtAAAAn1BMVEX\/\/\/8AldsAkdoAk9oAj9kAjdkAltvb8Prk9fyc0e\/e7Pjp9\/x8w+rP6\/i23\/SXx+s4pODF5fYAmt33\/P7y+\/5btOXo9vzY7fm+4\/XT6\/hnuOay2vIsod+NyOyl1PBNreOFxut3veg+quJmtOWYzu6p0u\/K4\/VjuOaHwuownt662\/Kw3fPA5faUz+5FruM6od9hr+NywOmhzOx7uudVquJkiH0lAAAWAElEQVR4nO1da2OiOhMuSUBcq4uAWBFB0dravrun3d3\/\/9teriEzuaBuPXs5zLdWSEKezGRumdzdDTTQQAMNNNBAAw000EADDfTfIne9WY9+9SAG+igK7h3CiJO9TH71SP52Wm3j\/f06uHEvQcyoZVmUMm87sOkNaZQxRilhfnrbfsa21VDRWXbz9fOfpRdCm2lm8S0neeRTqyNK6G56w97+uzR3unkmuxt2dBTxrHqzvHF0ww7\/o+SJ82zPb9fRC0OAlrupfxgk78fSmoAp3t+upyPBgFZiPhmY9ENpAQUhvX56o+NjenT1vy99LHNrwZtf3eNACkrgLLPjle0E90lhY7LTvd7GjFUsWoj5wYT5SEJswx6uaybyKhuzFKFaJo0SJaLs9dqxD6SgHAH66apWgpxjRZNQ91SYMSKLXfa\/qwc\/kEwHqBTp0TDSWGiFbPTPTbcFJyNM7b9fzw3C+fjLZpuuZ\/MouPHnLsH8sisNUXEnpr7pycnLwgFsSv9ypSh6\/bzwWaFeEEIYYzZNFp9fb6nZ3wvmIaXXMejIAcZsj5YzOvh2hylZX9Xln0Hhy9cCSyiTSi8ryx9vpwruGOVdXelXmF+6Kc53fiN6WXxdl38CRdsE7y8cVeIvjtdxTy8FG1rxCyXJlSouBvScZqI0c1ixVvc3+qpfT6N7X6ECCozK8vGNul49Fc1TZ3u1ZL8C0IKW6dP7y9+qEQVblUaPMGX+4UbrOVzNfyb0cR2gfzOtT2oviix5f0sVYgAUUrDT7Z0KLl0Y3KW\/igZAAUU5DiyVmm2h2xaGS6HyIqyJ\/\/vN198CaGjc0YIz97upj8wUxpLFc\/o6e3hND89x7iBDhtr3543OHa1GH7fnhhN9W38eoO5xvf4kKIHhcvyU\/XM6\/ZM9bZayoha9bJ+80+nk5U\/pp545nTkwM+O0T4F7KAhX2x8OEx8iuz7d0H0p+vd9xz95i1SU0e4qfVlKAZFw+bLWRr6i4lvz4luLry0+Zyl9ThAE\/4OAzop\/6UcYjpbLT8uRO+n5iGJQ6Vrszl0e0+MnzVvRsqRRdNYKHsU+KyhpzYbo2aOlLKyIWD9QIsV8lzD+M6P5dmloey5yH6WntXJelxtgohKzNT7dl2Y7H4G\/a8fnxn4pyT1k\/6Re6ZTqHgNtxQkhQmPU282FOY2+7LMs8+CG4RX\/yva7V8Xcj9LvuU\/L3hIv280M03\/wym2nGGvdSjCPT1bxnpXJsxnMN\/uTU7RKi1b3XxQcBmlukSY09F5\/P+SX4isdYYamOTJAKLEXK33bwrMsMeiwa0\/olS0Mw81s5GsizqH65YE0H2IvxG9+smkjHKRhrnMb7+HF5\/ib9vVyKqi0zTcr3fbQ3IebxG6VguoJxvKDOn4a5M3XUpaVnbmeXb9YvIUmab7rVI1qzdn+wij0l91EsrT4M2GSSlr02jCWG6vMSUq36rZXgryl1BCmqGb31ClPWo\/ZJJOHV4DgjUA6GBEWRMxbpQ4UD5OF2jYupFKd8ZnaRu0ctjd6p3JzZfKfQiYFmfCpmzJ9RZynmfDkg6dolLIk1bJpkAlt5XcrTSKFX4X6Z+pfS2tDJV0CIUpBvN5kgTDueIFtlY\/M1UHkonUXhETIC39DFPmLc9oqHyRx8T2RY8QTtBdsNI6wYkvYSHOTCj3T5M6FGaAJf26ZaQw+Sj2dX3ol2hQ01SBmUb\/ggbXenmSZAtGOOQqeOed8wAufQrhOW5pZugGQbAQmxWtf+QoCJcI2+mCEi+XB3Rcpj096quWTZa4QHO1YKvkBCKYihgu4smgrUQ+GIVKyUTPpF9CYYVjOZKz\/tZxRqemUp5KfHXQYnTiilqzDrA0DoD74025eCcCcCOkgc9PHWJVitu91h9iNQzE1e04oewHfsYKaf4YkBXmungoX5iGyXKlz3Z\/llCv79c2jJgcMTsftBJuWYeS6Af5POT6XC04qKUYvRncwyjVpdi4oNgnX7nrFqcVGb72ANgtk27M4CnkDJmeOfsVPV2F41+tDppKa1wOqlXbtzwQ132XBQTMkGsdvXpIkP97uVy2o632eJN59wZQrzqMM7RKrXgwE6gNUk6InPrvZ9QNaDXHTK5qLyRERnZsfrjg08vq\/liYKi\/F8QHubh1nMnTZCc4EZ53vGjchC869neFH\/i5RZyfN2emgGeDg44ws7agGdqAGVzi2oPmfbOzV2KVT6t9rqUcEa6QP0W\/GMXmMTx6hI41YCqjC+pN8VAwF2Xt7thp2sd5HVQVleKEuzdkpKFf7uwP8CO0981ry11APo4gxAs5FOQ+SdlJInleQtVU6fIHDMgFJaiLqFBIuyUUEjNgBK2cnzEm08urCtkuJ32eoCO+W8M\/+6tZnKUpMm7t1zO4YKUG5\/UFHPWqnwNGjdRkBdBFUhHAhKjSkFztpoh1LmFYtxhKeBEj9RTR9N+JZkBJTStNyVcaP0pJx0+fyVBCil2YM7CaNRquZ66uxWbhi6RykoRr1ORgacBwRYdqo1QrKQb1aswv6hBdQSotIyT5VZCA5VWPNVS0ZAX5Cd4D+NN++5AzMEN+UCJCVJkJUZbsU8RNCMrwflpaOomJ7lOkfz03k7DIAWy6GQS0eksBBnexxNwol73PoIFKxpSIBSIXx1r+AKwahantDHOJ3M\/dQ2SynfuGUxUg9pEXPw6wba3VLwLsylEByLZ\/ORO509U1WzZkB30FZrjohFad6l61G\/NJzdb8+73W4Be14U\/9p9m1WGtWCaVR3kwvzOEEeQ1rTWAUoZy6olDQ9wULLtNq1wgzYtDxkvCFBqibrqQZbkooIzwSdHuk2PKxSdTNAqlp32dKphaBlISIHFDCoEwsN3heQ1Awry6UWX5LJM17MqWS4gM3VA04LLI4JrmkIBGOzAMuQbnhLQ8ij\/ph51Cl87QSZcwVlnKBSBAQXn1gM8j9QHivIcigay5ZPMVVLWcu05yv2PZpraIbNW5iKThVLgJlHY9WZAocIMPsn9cqJl5QtRwdMDuoGsLm1oSBSs22lTfDtdzBteCwBi1MHW5gj+foIsCgHFWtMSShTJxQqdKZ0vgJsFPHF8inUOxUdxbm5lMGuXFxL++DjC2sZNmQEFmfAWmrDJfHuAcZkpdDcJgEInrCJGBGVBY4jJgFImRKxmkEFlH+gKfC4Kz0BAJXfPV4iYg+weqHt2af9cSyOPd4o5pIQ5RDoF0nnmWpnTOMHwITI5XiqZjJeI3N5iGlpA18ARThXO1SV8tUZNAlRUXJCepYwNg8\/t\/NYVIQ7FIcNv8OcMjTmAS5Tvea1Mo1bjkwfxBWc\/HgXBPMZsytrlsmSwvzlcVr5kTkteBzOgT1CmacO5DWlFbgwax8wgz29j2GFAoWLzSZxTtXsvBNNugwAd6FB+\/QGyxjP6GW6ylLYdYokLA2l8Z0TaHD8bFjRQ06QGFCpnTBFYXaMd2gwo3PosRw5wAdJxaNA\/9Xxt1s\/Uhh325UJ\/D2R7dREBoGASoBZBQCVXEvoWaRHulIByjmr33Fkn9YmQThBBBufSpcWf+vVMQ8GvOqAXIhY1Awo5voxZjk15HTpAwV6mOWYGNJxGGCBACUxAAOKDqPeDox50CKiHo5auxrnd0mfwegsoL1VBm6h2F7iAe8IUpKjw5RK0mxypAQWyWaV7SB7VHtcfsqBLT0w812KqE7lgKyPv6peB3lgbdhBQ+gZ91mBsmqNuYGumiYjaTQD9zA3J2iTovKLYDhb1+u5YFweUVU9PTFpdQ6OLAFUY2IQmunQ3HaAAK7L9pKTv4KFqE0VpoVDswbRXom50DlAHpUBuAmgriFsR3lnKDCnhopps8\/+2Ok7j1wduIuAQFAgqwj2AKkM3lFmxMrFDI3KR269MLVQQVBO+Vt8DukVTguSxulHYKigFchNAW1Wp5UfBsYvkWthtMYIN3Gob1K8eB54TbEi3tLgEUHSyu\/sA21NsWhpAJxcF9OoOcgWgcBG9XNwod1jcDtB26bauHy4gpAbCziQUNqGwNVtqrXAMOvlHgWZBz1AT7gH0bq4JJlHip3jFaERulFwOaGXYmQG9PEDNvgjv3wTQHALaRaukPV4EtPMEtzK20d\/GBjua07fLANVmMJZJXUjwajgUB+HOoHqGjIB+uyjuW1Hncr37dwDtJsTG73cilzrd3tiqj+Rz9edZgKYXAnq38nSpQJTBHCgNh\/YGwBUt9wN6uAJQ0TC\/8R5aG9K8DRnQLnHzxLdXblQ254LOErkXA1q06+sghRl1Gg69BlCVUgQBPSOIIY1WdHXdBNCYgvY6QBl+X0hs6MzL1rXftoeUIhWcd3ePlwN6F91buq1UDBNqOPRykUtru9wI6OPFeygBJz9uAugzt0NH8ANsrG90dqjg0GsZvFWTXgGgsidXHsmZgFYHtdSQkqfuIQ2HRolhllVEm83OrBRdyqEE+BVuAyhfZbWzv5sQnDAhLPLOmOIpKG2oYHqOHXqZ2dJR9CjkKQhkd+ahhkNDELSxqG0kxuy2SLoRUOg9t0hfqyyGmN0EUD6o2kLqYMM5TR0K1G9jBjyUwJNwojM8RZc5FiCNNp5c00Pwael8uSATm2buyETTBx4UMQIKvKEW+dLTquSwvAmg\/JxJszF2jioYnxM0Ot512J4MELKRICcofbnTi1x\/mMLV7oQh7cx1HaDAq0f\/Ofs4uRFQqGpJ8a1eugmgnF2aCKnAiOKhJlFDb3\/oTu4IWaHQJcNUXnToV7gU0PJLNzingi8cHaDgXJBodvWQEdC7f8AyyU1hIBXdBlAeAqpPUgkhPn7UtLx+Qx75imfKifYmCCSrd0JcGPdiQItnYRobPbWToXPOo63g7CpwZkBRDsmlFR1uAyj3X9WbpisEB6h1v4omoyPO1aPjSXTsTohSRwh9QFVepefukLJ\/DaCFYQqWGM9k0KagIMlhKFg4Ogon6c2AHjVpPTKFq6Pc5W0AHXUyt\/oOcb4psRLPl9KXLZokXYotdcQYxBQ+KR1mu5vhxnoBDZdTRQUKmGzUzrQWUJj5IEUeWgrSzGd+3h1ChkNFgCIXsfbgu7v1HOJLdZ1uAyh3zzeJeyhaqT45I\/yTMqjK4pRu7CCQjlj0ABrFvs3sREo9AQ5h2iKgzSmaoo17q5z5tKqKTCn30JkBxdKGKffmYGdVrRLfJLE\/DlCec9IkCuHDGmaS8rZQVh+FaUVz2WVjBnRdywfK2BZCClQrgUNB04LswBXQM\/mc+rwrWmEr83IlQPHqt+Xss3DMj4DgTMwbAdo53eu5D3DSh4EoyfDWIJ0NJTF\/JHpXHBw1AjoS6oScxDolIJvujD1UCl5SFHubvIhVEtrNvwdQ6ZgAzWF9Cvcg2ljIjLsRoN320rr\/VMd11ZKX3Mt7UYafJP4+nUfh9HWn9N0ZARVTRyhL7tu14YLTN10kXc+h0rjKqwn5MeaqBD149eUsQFeSekHfeLGoYB2jmAKMeNwK0LA79lPrafI5Sot4X6X\/FTOi2jNmUm58WWOudH2pjxSaAIVZrWVloiR+\/vztOUcFmAQ7FDQtArpSJCfZ\/mL3+fNu4UvuJ2VermKPxDp7uQFXg3yOczlB3Qb7060AFTTAZsObYTuF5MEYK0vMUzv28LG9PjIB+qC4pawqJIma4MAZAFWGL5vjpvKI1YDKeUw4KVVsVf7hXwJUMPWb4xlz4F2jdBfC+6UKoyWX0j9aks4TmskEKE7KVtMZvtyK8gtWWhPf7QVUOglkHCgFr94MUCHiTJ16zNE9rZZYVTYtqf63brS1cvk520b4PMR7mU\/7y1yAWTIA6p4FKOuyxUwceklUtD0R3Q\/o3fj89YsOEqBzL5hBJmC4TEqJg4A64Leu\/g4vIxVtcsu2rSTftF\/h7pJiKyRJ\/Ln9T5gVuwQs11f9+6KUrBbQEAJaj19z8hiQWA8A6ti4vKrmFjtFk60rCQGqPFrzfu76xQWioLfrh9Swb\/oWnEwA032E605otxSCAFUnRf9ovLnytXOaqnVtD2pfLhp\/va6ivhI9FjypAv0WUqIbPsmua9JqHRXwSJoU9K9JWb9AJpYjP+gncSUoXB3AJpLjHOAsDkGvz7q2KVXYIipqi9MpznI9GDYWmmyhgdACulDNncITgZoDnkfgs0ViqCT3HETJqeMGMaCiKGRS0\/YMRAuTHfu1xfNjlGHHYJm\/KoxJcdOUoBMAf3pF4pF0kp9x2Y4bt8YNqqZWkb4qCXVG8OpX\/iXiuaSuQN0c155AzVHYu6hGqe4+Cxfmup2luycT5nYsGGH4SL3Yax+iBLNQNYed\/LFVR5223eXvqqvgOp2AKoYmFheituHyzYpevna3ICkPbeoKaFJrhe7yZXyoG+X4g3uNAVs+V9b21H0HU0c\/UsfET5RlYLMKFrw9RY1ETriqE2qUMmVNZ25NaKreBrv26kxc8Be9rlq6wR6I5GSjvQwncFNP9JK9KZ+KVBdMFACs8OXMXXphCV0zfrBGlnt1xh8lvlznMozbRjJZiDUj00Fa6PT5Az4B0kBFyZvpeqBgLeVRdMN09rpS4qO4vKWBam+SWp9o6Z7Q8Ze7KNZK8bqqHioo9VvOhx+vVXvpapM50EjVnapee6gyUfFntT0\/agDl45eW8\/LdwVWOqhuYlFvDwa8aMRwNXr4riiYV\/3GeFAcVg6K9slB136Xr0UZR4auqQ7UxVYZ314+Ppove5o+PM8NKGplej4HYKMu6L8azabs4QvfhcZdTG98MYShmPt34Ni96T5h\/qHkGGlDwTshi\/Mpi98Fs17VFCLFprO04eCgmwZw2FK13vt1VsCeE2d4GM2dL4ay3vZqm3zLGhFaZTb8+\/sxFUT9LG+y\/rm4osE55nji1R0EqSWb11LEYvW6\/79\/e3vbfn\/lCgsUBvp49vMnDoWyraGo7\/oBpmm6+7zOvoHz\/PNaBeSkVC2\/\/lpetZt+3aV9JiJvTg8pIaBec\/IvFtOW3ASFrFrQk5zT0tXXZ8z2thZOJ4RqYn2i07+6Qf4kio7aGkWZnVTPHBH1lRGH0DPSBtDbeNQngVCtXfTSBZ9R9k8Yw0AdQYL4+tMGBkkR74+TysHhKtb4J6PrUHTkc6APJ3fZASpmVr3XStrqnt7B63tZKwFHOEfmiemigD6ZJmttq\/0yljCcHvZIZNL618pqnWJLJ7gLHyW93pfdAgCaHfWGpCZeN1YaVkz+\/Gi9UFk7BFi8490fh6dG9dGWlwuc80I0oCJfpNv7headTknjej7d4u\/4U9WjjMExdOUp+PG3T43L2Jf4hS3I2qET\/OgUT13Un4ZlmlZQYb9WOGFbdMIF\/O\/+QyUC\/iC6qOyDeQjHQ70mXVAah9Le8mH0gkR7OdzQpi68O9LvR+QliTFMUc6Dfis7NlaQDnn8Iufk5zmDq9NaPH+g3oSDuTSanJB8M0D+IpgvbmDPF\/IE9\/zCaVPWE1Od4mKrQ7UC\/O4XLbZZYonuochk53vtq8Cb8qRStHheJw1NYkq\/361+eZTPQT1M0n8+nS3fgy4EGGmiggX4B\/R9sSVbyUHbbvgAAAABJRU5ErkJggg==\" alt=\"M@gist\u00e8re\" style=\"width: 300px;\"><\/td><\/tr><tr><td><strong>R\u00e9f\u00e9rent MOODLE :<\/strong><br><a href=\"mailto:dane@ac-noumea.nc\">Philippe NAZEYROLLAS<\/a><\/td><td><img decoding=\"async\" src=\"https:\/\/dane.education.nc\/wp-content\/uploads\/2021\/05\/moodle-1024x289.png\" alt=\"\" style=\"width: 200px;\"><\/td><\/tr><\/tbody><\/table><\/figure>\n<\/div>\n<\/div>\n","protected":false},"excerpt":{"rendered":"<p>DSDSD<\/p>\n","protected":false},"author":1,"featured_media":0,"parent":73,"menu_order":0,"comment_status":"closed","ping_status":"closed","template":"","meta":{"_coblocks_attr":"","_coblocks_dimensions":"","_coblocks_responsive_height":"","_coblocks_accordion_ie_support":"","advgb_blocks_editor_width":"","advgb_blocks_columns_visual_guide":"","footnotes":""},"folder":[],"coauthors":[],"author_meta":{"author_link":"https:\/\/daneold.education.nc\/?author=1","display_name":"admin"},"relative_dates":{"created":"Publi\u00e9 5 ans il y a","modified":"Mis \u00e0 jour 3 ans il y a"},"absolute_dates":{"created":"Publi\u00e9 le 22 mai 2021","modified":"Mise \u00e0 jour le 8 septembre 2023"},"absolute_dates_time":{"created":"Publi\u00e9 le 22 mai 2021 11 h 43 min","modified":"Mise \u00e0 jour le 8 septembre 2023 12 h 10 min"},"featured_img_caption":"","featured_img":false,"series_order":"","_links":{"self":[{"href":"https:\/\/daneold.education.nc\/index.php?rest_route=\/wp\/v2\/pages\/218"}],"collection":[{"href":"https:\/\/daneold.education.nc\/index.php?rest_route=\/wp\/v2\/pages"}],"about":[{"href":"https:\/\/daneold.education.nc\/index.php?rest_route=\/wp\/v2\/types\/page"}],"author":[{"embeddable":true,"href":"https:\/\/daneold.education.nc\/index.php?rest_route=\/wp\/v2\/users\/1"}],"replies":[{"embeddable":true,"href":"https:\/\/daneold.education.nc\/index.php?rest_route=%2Fwp%2Fv2%2Fcomments&post=218"}],"version-history":[{"count":28,"href":"https:\/\/daneold.education.nc\/index.php?rest_route=\/wp\/v2\/pages\/218\/revisions"}],"predecessor-version":[{"id":1521,"href":"https:\/\/daneold.education.nc\/index.php?rest_route=\/wp\/v2\/pages\/218\/revisions\/1521"}],"up":[{"embeddable":true,"href":"https:\/\/daneold.education.nc\/index.php?rest_route=\/wp\/v2\/pages\/73"}],"wp:attachment":[{"href":"https:\/\/daneold.education.nc\/index.php?rest_route=%2Fwp%2Fv2%2Fmedia&parent=218"}],"wp:term":[{"taxonomy":"folder","embeddable":true,"href":"https:\/\/daneold.education.nc\/index.php?rest_route=%2Fwp%2Fv2%2Ffolder&post=218"}],"curies":[{"name":"wp","href":"https:\/\/api.w.org\/{rel}","templated":true}]}}