{"id":142,"date":"2021-05-22T00:14:52","date_gmt":"2021-05-21T13:14:52","guid":{"rendered":"https:\/\/dane.education.nc\/?page_id=142"},"modified":"2021-05-24T18:42:44","modified_gmt":"2021-05-24T07:42:44","slug":"je-suis-professeur-des-ecoles","status":"publish","type":"page","link":"https:\/\/daneold.education.nc\/?page_id=142","title":{"rendered":"Je suis professeur des \u00e9coles"},"content":{"rendered":"\n<h2 class=\"blue-block2 wp-block-heading\">Je suis professeur des \u00e9coles<\/h2>\n\n\n\n<h4 class=\"wp-block-heading\">NOUVEAUT\u00c9 RENTR\u00c9E 2021 : La plateforme \u00ab&nbsp;CNED&nbsp;\u00bb r\u00e9activ\u00e9e<\/h4>\n\n\n\n<p>Le dispositif du CNED est r\u00e9activ\u00e9 \u00e0 cette rentr\u00e9e et avec lui, l\u2019outil de classe virtuelle (CV) qui avait \u00e9t\u00e9 massivement utilis\u00e9 durant la p\u00e9riode de crise sanitaire.<\/p>\n\n\n\n<p>Le CNED a d\u00fb effectuer une purge des comptes utilis\u00e9s durant l\u2019ann\u00e9e scolaire 2019-2020 (n\u00e9cessit\u00e9 r\u00e9glementaire car nouvelles CGU en vigueur),&nbsp;<strong>les enseignants doivent donc se recr\u00e9er un compte, celui utilis\u00e9 en 2019-2020 n\u2019est plus en usage.&nbsp;<\/strong>Il faut veiller comme l\u2019an pass\u00e9 \u00e0 utiliser son adresse acad\u00e9mique.<\/p>\n\n\n\n<p>Pour cr\u00e9er son compte, choisir son niveau (\u00e9cole \/ coll\u00e8ge \/ lyc\u00e9e) sur la page :<br><a href=\"https:\/\/www.cned.fr\/maclassealamaison\">https:\/\/www.cned.fr\/maclassealamaison<\/a>&nbsp; puis \u00ab Cr\u00e9er un compte \u00bb<\/p>\n\n\n\n<div id=\"section-gcdf54f\" class=\"wp-block-gutentor-e6 section-gcdf54f gutentor-element gutentor-element-image text-align-center-desktop\"><div class=\"gutentor-element-image-box\"><a class=\"gutentor-element-image-link\" href=\"https:\/\/dane.ac-nancy-metz.fr\/je-suis-parent\/cnedecole\/\"><div class=\"gutentor-image-thumb\"><img decoding=\"async\" class=\"normal-image\" src=\"https:\/\/dane.education.nc\/wp-content\/uploads\/2021\/05\/cnedecole-300x178-1.jpg\"\/><\/div><\/a><\/div><\/div>\n\n\n\n<p>Pour les professeurs du 1<sup>er<\/sup>&nbsp;degr\u00e9&nbsp;<strong>uniquement<\/strong>, lors de la cr\u00e9ation du compte, la page d\u2019acc\u00e8s propose de choisir entre deux options<strong>&nbsp; :<\/strong><\/p>\n\n\n\n<ul><li><strong>Option 1<\/strong>&nbsp;: n\u00e9cessit\u00e9 d\u2019inscrire les \u00e9l\u00e8ves \u00e0 Ma Classe A&nbsp; La Maison [MCALM] avant l\u2019utilisation d\u2019une classe virtuelle, cette option offre un acc\u00e8s \u00e0 une CV s\u00e9curis\u00e9e avec salle d\u2019attente. Les \u00e9l\u00e8ves doivent avoir cr\u00e9\u00e9 un compte au pr\u00e9alable.<br><\/li><li><strong>Option 2<\/strong>&nbsp;: syst\u00e8me de lien utilisateur CV ne n\u00e9cessitant aucune obligation d\u2019avoir un compte \u00e9l\u00e8ve MCALM pour rentrer en CV (identique au syst\u00e8me en place en mars dernier). Tout usager disposant du lien pourra rentrer dans la CV.<\/li><\/ul>\n\n\n\n<h2 class=\"blue-block2 wp-block-heading\">Ressources disciplinaires en primaire<\/h2>\n\n\n\n<section id=\"gm3ea534c\" class=\"wp-block-gutentor-m4 section-gm3ea534c gutentor-module gutentor-advanced-columns\"><div class=\"grid-container\"><div class=\"grid-row\">\n<div id=\"col-gm90a05f\" class=\"wp-block-gutentor-m4-col col-gm90a05f gutentor-single-column  grid-lg-2 grid-md-12 grid-12\"><div id=\"section-gm90a05f\" class=\"section-gm90a05f gutentor-col-wrap\">\n<div class=\"wp-block-image\"><figure class=\"aligncenter size-large\"><img loading=\"lazy\" decoding=\"async\" width=\"1024\" height=\"537\" src=\"https:\/\/dane.education.nc\/wp-content\/uploads\/2021\/05\/maternelle-1536x805-1-1024x537.png\" alt=\"\" class=\"wp-image-491\" srcset=\"https:\/\/daneold.education.nc\/wp-content\/uploads\/2021\/05\/maternelle-1536x805-1-1024x537.png 1024w, https:\/\/daneold.education.nc\/wp-content\/uploads\/2021\/05\/maternelle-1536x805-1-300x157.png 300w, https:\/\/daneold.education.nc\/wp-content\/uploads\/2021\/05\/maternelle-1536x805-1-768x403.png 768w, https:\/\/daneold.education.nc\/wp-content\/uploads\/2021\/05\/maternelle-1536x805-1.png 1536w\" sizes=\"(max-width: 1024px) 100vw, 1024px\" \/><figcaption>LA MATERNELLE<\/figcaption><\/figure><\/div>\n<\/div><\/div>\n\n\n\n<div id=\"col-gm894c40\" class=\"wp-block-gutentor-m4-col col-gm894c40 gutentor-single-column  grid-lg-2 grid-md-12 grid-12\"><div id=\"section-gm894c40\" class=\"section-gm894c40 gutentor-col-wrap\">\n<div class=\"wp-block-image\"><figure class=\"aligncenter size-large\"><img loading=\"lazy\" decoding=\"async\" width=\"1024\" height=\"537\" src=\"https:\/\/dane.education.nc\/wp-content\/uploads\/2021\/05\/maths_cycles_2_3-1536x805-1-1024x537.png\" alt=\"\" class=\"wp-image-492\" srcset=\"https:\/\/daneold.education.nc\/wp-content\/uploads\/2021\/05\/maths_cycles_2_3-1536x805-1-1024x537.png 1024w, https:\/\/daneold.education.nc\/wp-content\/uploads\/2021\/05\/maths_cycles_2_3-1536x805-1-300x157.png 300w, https:\/\/daneold.education.nc\/wp-content\/uploads\/2021\/05\/maths_cycles_2_3-1536x805-1-768x403.png 768w, https:\/\/daneold.education.nc\/wp-content\/uploads\/2021\/05\/maths_cycles_2_3-1536x805-1.png 1536w\" sizes=\"(max-width: 1024px) 100vw, 1024px\" \/><figcaption><span class=\"uppercase\">Math\u00e9matiques cycles 2 et 3<\/span><\/figcaption><\/figure><\/div>\n<\/div><\/div>\n\n\n\n<div id=\"col-gm1a9159\" class=\"wp-block-gutentor-m4-col col-gm1a9159 gutentor-single-column  grid-lg-2 grid-md-12 grid-12\"><div id=\"section-gm1a9159\" class=\"section-gm1a9159 gutentor-col-wrap\">\n<div class=\"wp-block-image\"><figure class=\"aligncenter size-large\"><img loading=\"lazy\" decoding=\"async\" width=\"1024\" height=\"537\" src=\"https:\/\/dane.education.nc\/wp-content\/uploads\/2021\/05\/sciences_1D-1536x805-1-1024x537.png\" alt=\"\" class=\"wp-image-493\" srcset=\"https:\/\/daneold.education.nc\/wp-content\/uploads\/2021\/05\/sciences_1D-1536x805-1-1024x537.png 1024w, https:\/\/daneold.education.nc\/wp-content\/uploads\/2021\/05\/sciences_1D-1536x805-1-300x157.png 300w, https:\/\/daneold.education.nc\/wp-content\/uploads\/2021\/05\/sciences_1D-1536x805-1-768x403.png 768w, https:\/\/daneold.education.nc\/wp-content\/uploads\/2021\/05\/sciences_1D-1536x805-1.png 1536w\" sizes=\"(max-width: 1024px) 100vw, 1024px\" \/><figcaption>LES SCIENCES<\/figcaption><\/figure><\/div>\n<\/div><\/div>\n\n\n\n<div id=\"col-gm16d78a\" class=\"wp-block-gutentor-m4-col col-gm16d78a gutentor-single-column  grid-lg-2 grid-md-12 grid-12\"><div id=\"section-gm16d78a\" class=\"section-gm16d78a gutentor-col-wrap\">\n<div class=\"wp-block-image\"><figure class=\"aligncenter size-large\"><img loading=\"lazy\" decoding=\"async\" width=\"1024\" height=\"537\" src=\"https:\/\/dane.education.nc\/wp-content\/uploads\/2021\/05\/eps-1-1536x805-1-1024x537.png\" alt=\"\" class=\"wp-image-494\" srcset=\"https:\/\/daneold.education.nc\/wp-content\/uploads\/2021\/05\/eps-1-1536x805-1-1024x537.png 1024w, https:\/\/daneold.education.nc\/wp-content\/uploads\/2021\/05\/eps-1-1536x805-1-300x157.png 300w, https:\/\/daneold.education.nc\/wp-content\/uploads\/2021\/05\/eps-1-1536x805-1-768x403.png 768w, https:\/\/daneold.education.nc\/wp-content\/uploads\/2021\/05\/eps-1-1536x805-1.png 1536w\" sizes=\"(max-width: 1024px) 100vw, 1024px\" \/><figcaption><span class=\"uppercase\">\u00e9ducation physique et sportive<\/span><\/figcaption><\/figure><\/div>\n<\/div><\/div>\n\n\n\n<div id=\"col-gm88232f\" class=\"wp-block-gutentor-m4-col col-gm88232f gutentor-single-column  grid-lg-2 grid-md-12 grid-12\"><div id=\"section-gm88232f\" class=\"section-gm88232f gutentor-col-wrap\">\n<div class=\"wp-block-image\"><figure class=\"aligncenter size-large\"><img loading=\"lazy\" decoding=\"async\" width=\"1024\" height=\"537\" src=\"https:\/\/dane.education.nc\/wp-content\/uploads\/2021\/05\/francais_cycle_1_2_3-1536x805-1-1024x537.png\" alt=\"\" class=\"wp-image-495\" srcset=\"https:\/\/daneold.education.nc\/wp-content\/uploads\/2021\/05\/francais_cycle_1_2_3-1536x805-1-1024x537.png 1024w, https:\/\/daneold.education.nc\/wp-content\/uploads\/2021\/05\/francais_cycle_1_2_3-1536x805-1-300x157.png 300w, https:\/\/daneold.education.nc\/wp-content\/uploads\/2021\/05\/francais_cycle_1_2_3-1536x805-1-768x403.png 768w, https:\/\/daneold.education.nc\/wp-content\/uploads\/2021\/05\/francais_cycle_1_2_3-1536x805-1.png 1536w\" sizes=\"(max-width: 1024px) 100vw, 1024px\" \/><figcaption><span class=\"uppercase\">fran\u00e7ais en cycles 1,2 et 3<\/span><\/figcaption><\/figure><\/div>\n<\/div><\/div>\n\n\n\n<div id=\"col-gm39e930\" class=\"wp-block-gutentor-m4-col col-gm39e930 gutentor-single-column  grid-lg-2 grid-md-12 grid-12\"><div id=\"section-gm39e930\" class=\"section-gm39e930 gutentor-col-wrap\">\n<div class=\"wp-block-image\"><figure class=\"aligncenter size-large\"><img loading=\"lazy\" decoding=\"async\" width=\"1024\" height=\"537\" src=\"https:\/\/dane.education.nc\/wp-content\/uploads\/2021\/05\/langues_arts_1D-1536x805-1-1024x537.png\" alt=\"\" class=\"wp-image-496\" srcset=\"https:\/\/daneold.education.nc\/wp-content\/uploads\/2021\/05\/langues_arts_1D-1536x805-1-1024x537.png 1024w, https:\/\/daneold.education.nc\/wp-content\/uploads\/2021\/05\/langues_arts_1D-1536x805-1-300x157.png 300w, https:\/\/daneold.education.nc\/wp-content\/uploads\/2021\/05\/langues_arts_1D-1536x805-1-768x403.png 768w, https:\/\/daneold.education.nc\/wp-content\/uploads\/2021\/05\/langues_arts_1D-1536x805-1.png 1536w\" sizes=\"(max-width: 1024px) 100vw, 1024px\" \/><figcaption><span class=\"uppercase\">Langues vivantes et arts<\/span><\/figcaption><\/figure><\/div>\n<\/div><\/div>\n<\/div><\/div><\/section>\n\n\n\n<h2 class=\"blue-block2 wp-block-heading\">Ressources sur les sites institutionnels<br><\/h2>\n\n\n\n<p>Plusieurs ressources sont \u00e0 la disposition des professeurs, tous les acteurs de l\u2019\u00e9ducation se sont mobilis\u00e9s pour offrir des outils institutionnels r\u00e9pondant au mieux aux besoins de chacun.<\/p>\n\n\n\n<h3 class=\"wp-block-heading\">Plan de continuit\u00e9 p\u00e9dagogique de la rentr\u00e9e 2021<\/h3>\n\n\n\n<p>Le minist\u00e8re de l\u2019\u00c9ducation nationale, de la Jeunesse et des Sports met \u00e0 la disposition des directeurs d\u2019\u00e9cole, des chefs d\u2019\u00e9tablissement, des inspecteurs et des professeurs un ensemble d\u2019outils permettant d\u2019assurer la continuit\u00e9 des enseignements dans les \u00e9coles, coll\u00e8ges et lyc\u00e9es.<\/p>\n\n\n\n<p><a href=\"https:\/\/eduscol.education.fr\/cid152893\/rentree-scolaire-2020-plan-de-continuite-pedagogique.html\">https:\/\/eduscol.education.fr\/cid152893\/rentree-scolaire-2020-plan-de-continuite-pedagogique.html<\/a><\/p>\n\n\n\n<h3 class=\"wp-block-heading\">Les BRNE<\/h3>\n\n\n\n<p>Les banques de ressources num\u00e9riques pour l\u2019Ecole,&nbsp;<strong>BRNE<\/strong>, offrent aux professeurs et aux \u00e9l\u00e8ves des ressources (contenus et outils) pour enseigner et apprendre, avec la possibilit\u00e9 de cr\u00e9er des parcours diff\u00e9renci\u00e9s.<br>Elles s\u2019adressent \u00e0 tous les enseignants du premier et du second degr\u00e9. Ceux-ci b\u00e9n\u00e9ficient gratuitement de l\u2019ensemble des contenus et des services p\u00e9dagogiques (bo\u00eete \u00e0 outils pour composer des activit\u00e9s num\u00e9riques interactives).<\/p>\n\n\n\n<div class=\"wp-block-coblocks-accordion\">\n<div class=\"wp-block-coblocks-accordion-item\"><details><summary class=\"wp-block-coblocks-accordion-item__title\">Fonctionnement des BRNE :<\/summary><div class=\"wp-block-coblocks-accordion-item__content\">\n<p>\u2013 L\u2019enseignant se cr\u00e9e un compte sur la BRNE.<br>\u2013 Il cr\u00e9\u00e9 ensuite sa classe en ajoutant des \u00e9l\u00e8ves sous forme anonyme (pr\u00e9nom).<br>\u2013 L\u2019\u00e9l\u00e8ve se connecte \u00e0 la BRNE gr\u00e2ce au compte que l\u2019enseignant lui a distribu\u00e9 ou directement via un QRCode g\u00e9n\u00e9r\u00e9 par l\u2019enseignant.<\/p>\n\n\n\n<p><strong>Acc\u00e8s aux BRNE via leur plateforme&nbsp;<\/strong><\/p>\n\n\n\n<figure class=\"wp-block-table\"><table><tbody><tr><td><a href=\"http:\/\/www.digitheque-belin.fr\/\"><strong>Fran\u00e7ais<\/strong><\/a><\/td><td><a href=\"https:\/\/www.neteduc-cloud.fr\/\"><strong>Math\u00e9matiques<\/strong>&nbsp;<\/a><\/td><td><a href=\"http:\/\/www.digitheque-belin.fr\/\"><strong><br>Histoire G\u00e9ographie<\/strong><\/a><\/td><\/tr><tr><td><a href=\"http:\/\/www.digitheque-belin.fr\/\"><strong>Sciences<\/strong><\/a><\/td><td><a href=\"https:\/\/brne.bayardeducation.com\/\"><strong>LVER Anglais<\/strong><\/a><\/td><td><a href=\"http:\/\/www.didier-123dabei.com\/\"><strong>LVER Allemand<\/strong><\/a><\/td><\/tr><\/tbody><\/table><\/figure>\n\n\n\n<p>Des&nbsp;<strong>parcours d\u2019autoformation<\/strong>&nbsp;des enseignants aux BRNE cycle 3 sont disponibles sur le site de la DANE :<\/p>\n\n\n\n<ul><li>en&nbsp;<a href=\"https:\/\/dane.ac-nancy-metz.fr\/formation-brne-maths-cycle-3\/\">Maths<\/a><\/li><li>en&nbsp;<a href=\"https:\/\/dane.ac-nancy-metz.fr\/formation-brne-lettres-cycle-3\/\">Fran\u00e7ais<\/a><\/li><li>en&nbsp;<a href=\"https:\/\/dane.ac-nancy-metz.fr\/formation-brne-hist-geo-cycle-3\/\">Histoire-G\u00e9o<\/a><\/li><li>en&nbsp;<a href=\"https:\/\/dane.ac-nancy-metz.fr\/formation-brne-sciences-cycle-3\/\">Sciences<\/a><\/li><\/ul>\n\n\n\n<p>Des&nbsp;exemples d\u2019usages p\u00e9dagogiques des ressources Eduth\u00e8que&nbsp;sont disponibles sur le site de la DANE.<\/p>\n<\/div><\/details><\/div>\n<\/div>\n\n\n\n<h3 class=\"wp-block-heading\"><strong>Les ressources&nbsp;EDUTH\u00c8QUE<\/strong><\/h3>\n\n\n\n<p>Les acteurs de l\u2019audiovisuel public (France t\u00e9l\u00e9visions, l\u2019INA, Radio France, Arte, France M\u00e9dias Monde, TV5Monde), R\u00e9seau Canop\u00e9 et le CL\u00c9MI proposent une nouvelle offre gratuite r\u00e9serv\u00e9e \u00e0 \u00c9duth\u00e8que pour les enseignants et leurs \u00e9l\u00e8ves, de la maternelle au lyc\u00e9e. L\u2019offre Lumni Enseignement propose ainsi plus de 3 000 contenus \u2013 vid\u00e9o, audio, articles, pistes p\u00e9dagogiques \u2013 sourc\u00e9s et fiables<\/p>\n\n\n\n<div class=\"wp-block-coblocks-accordion\">\n<div class=\"wp-block-coblocks-accordion-item\"><details><summary class=\"wp-block-coblocks-accordion-item__title\">D\u00e9couvrir Eduth\u00e8que :<\/summary><div class=\"wp-block-coblocks-accordion-item__content\">\n<p><strong>Acc\u00e8s aux ressources Eduth\u00e8que via la plateforme&nbsp;:<\/strong>&nbsp;<a href=\"https:\/\/www.edutheque.fr\/accueil.html\">https:\/\/www.edutheque.fr\/accueil.html<\/a><strong><br><\/strong>Fonctionnement du compte Eduth\u00e8que&nbsp;:<br>\u2013 l\u2019enseignant se cr\u00e9e un compte sur la plateforme Eduth\u00e8que en utilisant son adresse m\u00e8l professionnelle ;<br>\u2013 certaines des ressources Eduth\u00e8que proposent des acc\u00e8s pour les \u00e9l\u00e8ves : l\u2019enseignant cr\u00e9e un compte g\u00e9n\u00e9rique d\u2019acc\u00e8s pour sa classe et distribue \u00e0 ses \u00e9l\u00e8ves l\u2019identifiant et le mot de passe d\u2019acc\u00e8s ;<br>\u2013 l\u2019\u00e9l\u00e8ve se connecte \u00e0 Eduth\u00e8que via le compte g\u00e9n\u00e9rique&nbsp;: il devra ensuite choisir la ressource Eduth\u00e8que \u00e0 utiliser.<strong><\/strong><\/p>\n\n\n\n<p>Des&nbsp;exemples d\u2019usages p\u00e9dagogiques des ressources Eduth\u00e8que&nbsp;sont disponibles sur le site de la DANE.<\/p>\n<\/div><\/details><\/div>\n<\/div>\n\n\n\n<h3 class=\"wp-block-heading\"><strong>Le portail PRIMABORD<\/strong><\/h3>\n\n\n\n<p>Le portail Prim \u00e0 Bord est \u00e0 destination des enseignants et des formateurs du premier degr\u00e9. Lanc\u00e9 en janvier 2016, il propose chaque semaine des actualit\u00e9s, des services et des retours d\u2019usage du num\u00e9rique \u00e0 l\u2019\u00e9cole primaire.&nbsp;<a href=\"https:\/\/primabord.eduscol.education.fr\/en-ligne\">https:\/\/primabord.eduscol.education.fr\/en-ligne&nbsp;<\/a><\/p>\n\n\n\n<h3 class=\"wp-block-heading\">Les ressources du CNED<\/h3>\n\n\n\n<ul><li>Pour l\u2019anglais :&nbsp;<a href=\"https:\/\/kids.englishforschools.fr\/\">English for Schools<\/a><\/li><\/ul>\n\n\n\n<h3 class=\"wp-block-heading\"><strong>Les<\/strong>&nbsp;fondamentaux<\/h3>\n\n\n\n<p>Acc\u00e8s libre aux ressources propos\u00e9es par CANOPE,&nbsp;<em>Les Fondamentaux<\/em>&nbsp;via la plateforme<strong>&nbsp;:<\/strong>&nbsp;<a href=\"https:\/\/lesfondamentaux.reseau-canope.fr\/\">https:\/\/lesfondamentaux.reseau-canope.fr<\/a><\/p>\n\n\n\n<p>Des&nbsp;<strong>exemples d\u2019usages p\u00e9dagogiques des ressources Les Fondamentaux&nbsp;<\/strong>sont disponibles sur le site de la DANE&nbsp;:<\/p>\n\n\n\n<ul><li>Fran\u00e7ais Cycle 2 :&nbsp;<a href=\"https:\/\/dane.education.nc\/index.php\/2021\/05\/24\/edutheque-francais-cycle-2-capsule-phonologique\/\" data-type=\"URL\" data-id=\"https:\/\/dane.education.nc\/index.php\/2021\/05\/24\/edutheque-francais-cycle-2-capsule-phonologique\/\">capsule phonologie<\/a><\/li><\/ul>\n","protected":false},"excerpt":{"rendered":"<p>Je suis professeur des \u00e9coles NOUVEAUT\u00c9 RENTR\u00c9E 2021 : La plateforme \u00ab&nbsp;CNED&nbsp;\u00bb r\u00e9activ\u00e9e Le dispositif du CNED est r\u00e9activ\u00e9 \u00e0 cette rentr\u00e9e et avec lui, l\u2019outil de classe virtuelle (CV) qui avait \u00e9t\u00e9 massivement utilis\u00e9 durant la p\u00e9riode de crise sanitaire. Le CNED a d\u00fb effectuer une purge des comptes utilis\u00e9s durant l\u2019ann\u00e9e scolaire 2019-2020 [&hellip;]<\/p>\n","protected":false},"author":1,"featured_media":0,"parent":318,"menu_order":0,"comment_status":"closed","ping_status":"closed","template":"","meta":{"_coblocks_attr":"","_coblocks_dimensions":"","_coblocks_responsive_height":"","_coblocks_accordion_ie_support":"","advgb_blocks_editor_width":"","advgb_blocks_columns_visual_guide":"","footnotes":""},"folder":[],"coauthors":[],"author_meta":{"author_link":"https:\/\/daneold.education.nc\/?author=1","display_name":"admin"},"relative_dates":{"created":"Publi\u00e9 5 ans il y a","modified":"Mis \u00e0 jour 5 ans il y a"},"absolute_dates":{"created":"Publi\u00e9 le 22 mai 2021","modified":"Mise \u00e0 jour le 24 mai 2021"},"absolute_dates_time":{"created":"Publi\u00e9 le 22 mai 2021 0 h 14 min","modified":"Mise \u00e0 jour le 24 mai 2021 18 h 42 min"},"featured_img_caption":"","featured_img":false,"series_order":"","_links":{"self":[{"href":"https:\/\/daneold.education.nc\/index.php?rest_route=\/wp\/v2\/pages\/142"}],"collection":[{"href":"https:\/\/daneold.education.nc\/index.php?rest_route=\/wp\/v2\/pages"}],"about":[{"href":"https:\/\/daneold.education.nc\/index.php?rest_route=\/wp\/v2\/types\/page"}],"author":[{"embeddable":true,"href":"https:\/\/daneold.education.nc\/index.php?rest_route=\/wp\/v2\/users\/1"}],"replies":[{"embeddable":true,"href":"https:\/\/daneold.education.nc\/index.php?rest_route=%2Fwp%2Fv2%2Fcomments&post=142"}],"version-history":[{"count":24,"href":"https:\/\/daneold.education.nc\/index.php?rest_route=\/wp\/v2\/pages\/142\/revisions"}],"predecessor-version":[{"id":697,"href":"https:\/\/daneold.education.nc\/index.php?rest_route=\/wp\/v2\/pages\/142\/revisions\/697"}],"up":[{"embeddable":true,"href":"https:\/\/daneold.education.nc\/index.php?rest_route=\/wp\/v2\/pages\/318"}],"wp:attachment":[{"href":"https:\/\/daneold.education.nc\/index.php?rest_route=%2Fwp%2Fv2%2Fmedia&parent=142"}],"wp:term":[{"taxonomy":"folder","embeddable":true,"href":"https:\/\/daneold.education.nc\/index.php?rest_route=%2Fwp%2Fv2%2Ffolder&post=142"}],"curies":[{"name":"wp","href":"https:\/\/api.w.org\/{rel}","templated":true}]}}